{"id":66463,"date":"2016-05-14T09:38:52","date_gmt":"2016-05-14T07:38:52","guid":{"rendered":"https:\/\/www.daliform.com\/?page_id=66463"},"modified":"2021-10-07T08:38:55","modified_gmt":"2021-10-07T06:38:55","slug":"pratopratico-gitter-fur-befahrbare-bodenbelage","status":"publish","type":"page","link":"https:\/\/www.daliform.com\/de\/pratopratico-gitter-fur-befahrbare-bodenbelage\/","title":{"rendered":"Pratopratico\u00ae"},"content":{"rendered":"<p>[vc_row][vc_column width=&#8220;1\/4&#8243;][vc_single_image image=&#8220;66521&#8243; img_size=&#8220;large&#8220;][\/vc_column][vc_column width=&#8220;3\/4&#8243;][vc_column_text]<\/p>\n<h5 style=\"text-align: justify;\"><strong>Pratopratico\u00ae verk\u00f6rpert ein geniales System, um den Rasen befahrbar zu machen und dabei vor den durch das Fahren und Halten von Fahrzeugen, einschlie\u00dflich schweren Fahrzeugen, unter beliebigen Witterungsverh\u00e4ltnissen zu sch\u00fctzen.<\/strong><\/h5>\n<p>[\/vc_column_text][\/vc_column][vc_column][vc_empty_space height=&#8220;15px&#8220;][vc_column_text]Das Wesentliche von Pratopratico\u00ae l\u00e4sst sich \u00e4u\u00dferst einfach beschreiben: es handelt sich darum, die nat\u00fcrliche Oberfl\u00e4che des Bodens durch einen modularen Bodenbelag zu \u201cbewehren\u201d, der aus Gittern mit einer \u00e4u\u00dferst robusten Zellstruktur besteht, in der die Rasendecke einige Millimeter unter der Oberkante der Wandungen des Bodenbelags verbleibt und somit vor jeglichen Quetschungen oder Belastungen gesch\u00fctzt wird.[\/vc_column_text][\/vc_column][\/vc_row]<\/p>\n","protected":false},"excerpt":{"rendered":"<p>Pratopratico\u00ae verk\u00f6rpert ein geniales System, um den Rasen befahrbar zu machen und dabei vor den durch das Fahren und Halten von Fahrzeugen.<\/p>\n","protected":false},"author":1,"featured_media":61398,"parent":0,"menu_order":28,"comment_status":"closed","ping_status":"closed","template":"template-product.php","meta":[],"acf":[],"aioseo_notices":[],"_links":{"self":[{"href":"https:\/\/www.daliform.com\/de\/wp-json\/wp\/v2\/pages\/66463"}],"collection":[{"href":"https:\/\/www.daliform.com\/de\/wp-json\/wp\/v2\/pages"}],"about":[{"href":"https:\/\/www.daliform.com\/de\/wp-json\/wp\/v2\/types\/page"}],"author":[{"embeddable":true,"href":"https:\/\/www.daliform.com\/de\/wp-json\/wp\/v2\/users\/1"}],"replies":[{"embeddable":true,"href":"https:\/\/www.daliform.com\/de\/wp-json\/wp\/v2\/comments?post=66463"}],"version-history":[{"count":0,"href":"https:\/\/www.daliform.com\/de\/wp-json\/wp\/v2\/pages\/66463\/revisions"}],"wp:featuredmedia":[{"embeddable":true,"href":"https:\/\/www.daliform.com\/de\/wp-json\/wp\/v2\/media\/61398"}],"wp:attachment":[{"href":"https:\/\/www.daliform.com\/de\/wp-json\/wp\/v2\/media?parent=66463"}],"curies":[{"name":"wp","href":"https:\/\/api.w.org\/{rel}","templated":true}]}}