{"id":66073,"date":"2016-05-04T15:58:43","date_gmt":"2016-05-04T13:58:43","guid":{"rendered":"https:\/\/www.daliform.com\/?page_id=66073"},"modified":"2022-03-02T10:50:13","modified_gmt":"2022-03-02T09:50:13","slug":"lebensmittellager","status":"publish","type":"page","link":"https:\/\/www.daliform.com\/de\/kompostierung-und-biofilter-systeme\/eolo-anwendungen\/lebensmittellager\/","title":{"rendered":"Lebensmittellager"},"content":{"rendered":"<p>[vc_row padding_top=&#8220;0&#8243; padding_bottom=&#8220;0&#8243;][vc_column]\n\t<div class=\"custom-heading wpb_content_element  heading-medium\">\n\t\t<h2 class=\"heading-title\" >Die Bel\u00fcftung der Lager ist notwendig, um keine Feuchtigkeitstaschen zu bilden, deren Konzentration zur Entwicklung von Schimmel- und Bakteriensporen f\u00fchrt.<\/h2>\n\t\t<span class=\"heading-line primary\"><\/span>\n\t<\/div>[\/vc_column][\/vc_row][vc_row][vc_column width=&#8220;1\/2&#8243;][vc_single_image image=&#8220;61011&#8243; img_size=&#8220;full&#8220; alignment=&#8220;center&#8220;][\/vc_column][vc_column width=&#8220;1\/2&#8243;][vc_single_image image=&#8220;61021&#8243; img_size=&#8220;full&#8220; alignment=&#8220;center&#8220;][\/vc_column][vc_column][vc_empty_space height=&#8220;20px&#8220;][vc_column_text]<\/p>\n<p style=\"text-align: justify;\">Seit der Antike ist bekannt, dass Lagerr\u00e4ume bel\u00fcftet werden m\u00fcssen, damit sich keine Feuchtigkeit ansammeln kann, die in konzentrierter Form dazu f\u00fchrt, dass sich Schimmelsporen und Bakterien ungest\u00f6rt ausbreiten und die gelagerten G\u00fcter zerst\u00f6ren k\u00f6nnen (David Macaulay \u201cEine Stadt wie Rom\u201d).<br \/>\nZudem wei\u00df man, dass sich Luft nur schwer in horizontaler Richtung bewegt, es sei denn, man schafft entsprechende Temperatur- und Druckbedingungen, und eben aus diesem Grund wurden in den Geb\u00e4uden Lufthohlr\u00e4ume angelegt.<\/p>\n<p style=\"text-align: justify;\">Daliform Group <strong>hat zur Unterst\u00fctzung der Luftbewegung in den Hohlr\u00e4umen das asymmetrische L\u00fcftungssystem Eolo geschaffen.<\/strong><br \/>\nDie einzelnen Luftentnahmepunkte des Hohlraums, \u00fcber dessen H\u00f6he Temperatur- und Dichteschichten vorhanden sind, erm\u00f6glichen, dass Mikroversorgungen mit nat\u00fcrlicher Luftzirkulation vorhanden sind, mit denen die vertikale Zirkulation unterst\u00fctzt wird.<br \/>\nDie in den gestapelten Nahrungsmitteln durch Lufttemperatur und -dichte noch asymmetrischere Zufuhr beg\u00fcnstigt die vorgenannten Bewegungen auf nat\u00fcrliche Weise und steigert die Konservierungsm\u00f6glichkeiten der eingelagerten Nahrungsmittel.<br \/>\nAu\u00dfer dieser M\u00f6glichkeit sind ab\u00e4nderbare Aussparungen vorgesehen, die sich auf den asymmetrischen Konussen befinden und zur Aufnahme oder zum Aufh\u00e4ngen der elektrogeschwei\u00dften Matten bestimmt sind. Sie dienen f\u00fcr die Verst\u00e4rkung im oberen Teil und erleichtern auf diese Weise die Vorbereitung der Sch\u00fcttung f\u00fcr den Betonboden, auf den nach Abschluss der Arbeiten, die eingelagerten Nahrungsmittel abgestellt werden.<\/p>\n<p>[\/vc_column_text][\/vc_column][\/vc_row][vc_row][vc_column][vc_separator][vc_column_text css=&#8220;.vc_custom_1633423623173{margin-bottom: 15px !important;}&#8220;]<strong>EMPFOHLENE PRODUKTE:<\/strong>[\/vc_column_text][vc_empty_space height=&#8220;10px&#8220;][\/vc_column][vc_column][vc_masonry_grid post_type=&#8220;ids&#8220; element_width=&#8220;3&#8243; grid_id=&#8220;vc_gid:1633423537982-9db3c8eb-a68d-0&#8243; include=&#8220;3291&#8243; el_class=&#8220;text-size-p&#8220;][\/vc_column][\/vc_row]<\/p>\n","protected":false},"excerpt":{"rendered":"<p>Seit der Antike ist bekannt, dass Lagerr\u00e4ume bel\u00fcftet werden m\u00fcssen, damit sich keine Feuchtigkeit ansammeln kann, die in konzentrierter Form dazu f\u00fchrt.<\/p>\n","protected":false},"author":1,"featured_media":61001,"parent":65429,"menu_order":2,"comment_status":"closed","ping_status":"closed","template":"","meta":[],"acf":[],"aioseo_notices":[],"_links":{"self":[{"href":"https:\/\/www.daliform.com\/de\/wp-json\/wp\/v2\/pages\/66073"}],"collection":[{"href":"https:\/\/www.daliform.com\/de\/wp-json\/wp\/v2\/pages"}],"about":[{"href":"https:\/\/www.daliform.com\/de\/wp-json\/wp\/v2\/types\/page"}],"author":[{"embeddable":true,"href":"https:\/\/www.daliform.com\/de\/wp-json\/wp\/v2\/users\/1"}],"replies":[{"embeddable":true,"href":"https:\/\/www.daliform.com\/de\/wp-json\/wp\/v2\/comments?post=66073"}],"version-history":[{"count":0,"href":"https:\/\/www.daliform.com\/de\/wp-json\/wp\/v2\/pages\/66073\/revisions"}],"up":[{"embeddable":true,"href":"https:\/\/www.daliform.com\/de\/wp-json\/wp\/v2\/pages\/65429"}],"wp:featuredmedia":[{"embeddable":true,"href":"https:\/\/www.daliform.com\/de\/wp-json\/wp\/v2\/media\/61001"}],"wp:attachment":[{"href":"https:\/\/www.daliform.com\/de\/wp-json\/wp\/v2\/media?parent=66073"}],"curies":[{"name":"wp","href":"https:\/\/api.w.org\/{rel}","templated":true}]}}