{"id":65798,"date":"2016-05-04T15:56:01","date_gmt":"2016-05-04T13:56:01","guid":{"rendered":"https:\/\/www.daliform.com\/?page_id=65798"},"modified":"2021-10-05T09:56:13","modified_gmt":"2021-10-05T07:56:13","slug":"der-biofilter-eolo","status":"publish","type":"page","link":"https:\/\/www.daliform.com\/de\/kompostierung-und-biofilter-systeme\/eolo-anwendungen\/der-biofilter-eolo\/","title":{"rendered":"Der Biofilter"},"content":{"rendered":"<p>[vc_row padding_top=&#8220;0&#8243; padding_bottom=&#8220;0&#8243;][vc_column]\n\t<div class=\"custom-heading wpb_content_element  heading-medium\">\n\t\t<h2 class=\"heading-title\" >Die Luftbiofiltration ist eine Behandlung, mit der Sie die Ger\u00fcche von Industrie- oder Abfallbehandlungsanlagen reduzieren k\u00f6nnen.<\/h2>\n\t\t<span class=\"heading-line primary\"><\/span>\n\t<\/div>[\/vc_column][\/vc_row][vc_row][vc_column][vc_single_image image=&#8220;65812&#8243; img_size=&#8220;full&#8220; alignment=&#8220;center&#8220;][vc_column_text]<\/p>\n<p style=\"text-align: justify;\"><strong>Die Biofilterung<\/strong> ist ein Abbauvorgang der in der Luft verteilten Verunreinigungen, bei dem die biologische Oxidation genutzt wird: die verunreinigte Luft wird durch eine Vorrichtung geleitet, in der Mikroorganismen vorhanden sind, die die Verunreinigungen zersetzen, in dem sie sie als Nahrungsquelle benutzen.<\/p>\n<p>Praktisch erzielt man mit diesem System die gleichen Ergebnisse wie bei der Verbrennung, eine Ausnahme bildet die Oxidation der fl\u00fcchtigen organischen Kohlendioxidverbindungen, sie erfolgt nicht thermisch, sondern biologisch. Wenn die Verbindungen Schwefel, Stickstoff oder Chlor enthalten, sind die Nebenprodukte der Oxidation Mineralsalze. Diese Anwendungen sind hinsichtlich Konstruktion und Wartung wirtschaftlich vorteilhafter als Verbrennungssysteme, um jedoch eine optimale Nutzung aufzuweisen, m\u00fcssen sie gr\u00fcndlich geplant werden.<br \/>\n<strong>Eolo erm\u00f6glicht durch die D\u00fcsen, die eine regul\u00e4re und gleichm\u00e4\u00dfige Luftverteilung gew\u00e4hrleisten, die Herstellung eines gelochten Bodens. Durch den Luftzwischenraum, der durch Eolo entsteht, und den Austritts\u00f6ffnungen erfolgt auf der gesamten Fl\u00e4che des Filterbettes eine gleichm\u00e4\u00dfige Luftverteilung.<\/strong>[\/vc_column_text][\/vc_column][\/vc_row][vc_row][vc_column][vc_separator][vc_column_text css=&#8220;.vc_custom_1633420545741{margin-bottom: 15px !important;}&#8220;]<strong>EMPFOHLENE PRODUKTE:<\/strong>[\/vc_column_text][vc_empty_space height=&#8220;10px&#8220;][\/vc_column][vc_column][vc_masonry_grid post_type=&#8220;ids&#8220; element_width=&#8220;3&#8243; grid_id=&#8220;vc_gid:1633420343273-bf142ee1-6951-9&#8243; include=&#8220;3291&#8243; el_class=&#8220;text-size-p&#8220;][\/vc_column][\/vc_row]<\/p>\n","protected":false},"excerpt":{"rendered":"<p>Die Biofilterung ist ein Abbauvorgang der in der Luft verteilten Verunreinigungen, bei dem die biologische Oxidation genutzt wird.<\/p>\n","protected":false},"author":1,"featured_media":60968,"parent":65429,"menu_order":1,"comment_status":"closed","ping_status":"closed","template":"","meta":[],"acf":[],"aioseo_notices":[],"_links":{"self":[{"href":"https:\/\/www.daliform.com\/de\/wp-json\/wp\/v2\/pages\/65798"}],"collection":[{"href":"https:\/\/www.daliform.com\/de\/wp-json\/wp\/v2\/pages"}],"about":[{"href":"https:\/\/www.daliform.com\/de\/wp-json\/wp\/v2\/types\/page"}],"author":[{"embeddable":true,"href":"https:\/\/www.daliform.com\/de\/wp-json\/wp\/v2\/users\/1"}],"replies":[{"embeddable":true,"href":"https:\/\/www.daliform.com\/de\/wp-json\/wp\/v2\/comments?post=65798"}],"version-history":[{"count":0,"href":"https:\/\/www.daliform.com\/de\/wp-json\/wp\/v2\/pages\/65798\/revisions"}],"up":[{"embeddable":true,"href":"https:\/\/www.daliform.com\/de\/wp-json\/wp\/v2\/pages\/65429"}],"wp:featuredmedia":[{"embeddable":true,"href":"https:\/\/www.daliform.com\/de\/wp-json\/wp\/v2\/media\/60968"}],"wp:attachment":[{"href":"https:\/\/www.daliform.com\/de\/wp-json\/wp\/v2\/media?parent=65798"}],"curies":[{"name":"wp","href":"https:\/\/api.w.org\/{rel}","templated":true}]}}