{"id":65003,"date":"2016-05-04T08:57:52","date_gmt":"2016-05-04T06:57:52","guid":{"rendered":"https:\/\/www.daliform.com\/?page_id=65003"},"modified":"2024-07-31T16:28:55","modified_gmt":"2024-07-31T14:28:55","slug":"kompostierung-und-biofilter-systeme","status":"publish","type":"page","link":"https:\/\/www.daliform.com\/de\/kompostierung-und-biofilter-systeme\/","title":{"rendered":"Eolo"},"content":{"rendered":"<p>[vc_row][vc_column width=&#8220;1\/4&#8243;][vc_single_image image=&#8220;60803&#8243; img_size=&#8220;large&#8220;][\/vc_column][vc_column width=&#8220;3\/4&#8243;][vc_column_text]<\/p>\n<h5 class=\"p1\" style=\"text-align: justify;\"><span class=\"s1\"><strong>Eolo<\/strong> ist ein wirksames, schnelles und wirtschaftliches Mittel, das die Herstellung eines gelochten Bodens aus Beton mit hoher Tragf\u00e4higkeit erm\u00f6glicht, der auch von Transportfahrzeugen befahren werden kann.<\/span><\/h5>\n<p class=\"p1\" style=\"text-align: justify;\"><span class=\"s1\">Durch die asymmetrischen, vertikalen und axial gebohrten D\u00fcsen kann es f\u00fcr die Verteilung und Verbreitung der Luft in den Kompostierungsanlagen, der Abfallstabilisierung, den Desodorierungsanlagen und zum L\u00fcften der Lagerfu\u00dfb\u00f6den, die zur Aufbewahrung\/Reifung von Lebensmitteln bestimmt sind, benutzt werden. <\/span><\/p>\n<p>[\/vc_column_text][\/vc_column][vc_column][vc_empty_space height=&#8220;15px&#8220;][vc_column_text]<\/p>\n<p class=\"p1\" style=\"text-align: justify;\"><span class=\"s1\">Seit dem antiken Rom ist bekannt, dass Lagerr\u00e4ume bel\u00fcftet werden m\u00fcssen, damit sich keine Feuchtigkeit ansammeln kann, die in konzentrierter Form dazu f\u00fchrt, dass sich Schimmelsporen und Bakterien ausbreiten und die gelagerten G\u00fcter zerst\u00f6ren k\u00f6nnen <em> (David Macaulay \u201cEine Stadt wie Rom\u201d)<\/em>. <\/span><\/p>\n<p class=\"p1\" style=\"text-align: justify;\"><span class=\"s1\">Eolo ist aus <strong>wiederverwertetem und umweltfreundlichem Kunststoff<\/strong> und umfasst spezielle hohe Verteilerd\u00fcsen, die die Herstellung eines 6 cm hohen, gelochten Bodens gestattet.<\/span><\/p>\n<p class=\"p1\" style=\"text-align: justify;\"><span class=\"s1\">\u00fcber die Elemente Eolo wird die Luft im ganzen Hohlraum gleichm\u00e4\u00dfig verteilt und anschlie\u00dfend in den dar\u00fcber befindlichen Raum geleitet.<\/span><\/p>\n<p>[\/vc_column_text][\/vc_column][\/vc_row]<\/p>\n","protected":false},"excerpt":{"rendered":"<p>F\u00fcr die Distribution und Verbreitung der Luft in den Kompostierung-Installationen, Abfallstoffe-Stabilisierung, Desodorierung-Installationen.<\/p>\n","protected":false},"author":1,"featured_media":60793,"parent":0,"menu_order":26,"comment_status":"closed","ping_status":"closed","template":"template-product.php","meta":[],"acf":[],"aioseo_notices":[],"_links":{"self":[{"href":"https:\/\/www.daliform.com\/de\/wp-json\/wp\/v2\/pages\/65003"}],"collection":[{"href":"https:\/\/www.daliform.com\/de\/wp-json\/wp\/v2\/pages"}],"about":[{"href":"https:\/\/www.daliform.com\/de\/wp-json\/wp\/v2\/types\/page"}],"author":[{"embeddable":true,"href":"https:\/\/www.daliform.com\/de\/wp-json\/wp\/v2\/users\/1"}],"replies":[{"embeddable":true,"href":"https:\/\/www.daliform.com\/de\/wp-json\/wp\/v2\/comments?post=65003"}],"version-history":[{"count":1,"href":"https:\/\/www.daliform.com\/de\/wp-json\/wp\/v2\/pages\/65003\/revisions"}],"predecessor-version":[{"id":112944,"href":"https:\/\/www.daliform.com\/de\/wp-json\/wp\/v2\/pages\/65003\/revisions\/112944"}],"wp:featuredmedia":[{"embeddable":true,"href":"https:\/\/www.daliform.com\/de\/wp-json\/wp\/v2\/media\/60793"}],"wp:attachment":[{"href":"https:\/\/www.daliform.com\/de\/wp-json\/wp\/v2\/media?parent=65003"}],"curies":[{"name":"wp","href":"https:\/\/api.w.org\/{rel}","templated":true}]}}