{"id":64925,"date":"2016-05-17T17:12:52","date_gmt":"2016-05-17T15:12:52","guid":{"rendered":"https:\/\/www.daliform.com\/?page_id=64925"},"modified":"2022-02-15T14:04:07","modified_gmt":"2022-02-15T13:04:07","slug":"belag-zur-schalldammung","status":"publish","type":"page","link":"https:\/\/www.daliform.com\/de\/belag-zur-schalldammung\/","title":{"rendered":"U-Boot\u00ae Silence"},"content":{"rendered":"<p>[vc_row][vc_column width=&#8220;1\/3&#8243;][vc_single_image image=&#8220;60646&#8243; img_size=&#8220;large&#8220; alignment=&#8220;center&#8220;][\/vc_column][vc_column width=&#8220;2\/3&#8243;][vc_column_text]<\/p>\n<h5 style=\"text-align: justify;\"><strong>U-Boot\u00ae Silence ist ein Belag zur Schalld\u00e4mmung, der speziell entwickelt wurde f\u00fcr die Verlegung auf leichtgewichtigen Decken mit dem System U-Boot\u00ae Beton, durch den der st\u00f6rende Luft- und Trittschall f\u00fcr immer &#8222;zum Schweigen&#8220; gebracht wird. <\/strong><\/h5>\n<p style=\"text-align: justify;\">Durch die Verlegung von U-Boot\u00ae Silence auf diesen leichtgewichtigen Decken kann eine ausgezeichnete Schalld\u00e4mmung erreicht werden, wodurch das Geb\u00e4ude bez\u00fcglich Luft- und Trittschall in Klasse I (UNI 11367:2010) f\u00e4llt.<\/p>\n<p>[\/vc_column_text][\/vc_column][vc_column][vc_column_text]<\/p>\n<p style=\"text-align: justify;\">In den letzten Jahren wird immer mehr Wert auf den Wohnkomfort gelegt. Auftraggeber und Endnutzer verlangen angemessene Leistungen und Qualit\u00e4tseigenschaften, die den Anforderungen entsprechen, daf\u00fcr m\u00f6chten sie vom Hersteller und Planer genaue Garantien.<\/p>\n<p>W\u00e4hrend man im Bereich der Energieeinsparung in den letzten Jahren gro\u00dfe Verbesserungen erzielen konnte, wird das Problem des akustischen Komforts noch untersch\u00e4tzt. K\u00fcrzlich Untersuchungen haben ebenso gezeigt, dass Menschen, die in nicht ausreichend schallged\u00e4mmten R\u00e4umen leben, Schlafschwierigkeiten haben, reizbarer sind und eine geringere Arbeitsleistung erzielen.<br \/>\nAus diesem Grund kann ein Nichteinhalten der Mindestleistung f\u00fcr die Schalld\u00e4mmung auch die Einsch\u00e4tzung der Bewohnbarkeit beeinflussen, wodurch die Immobilie stark an Wert verliert.[\/vc_column_text][\/vc_column][\/vc_row]<\/p>\n","protected":false},"excerpt":{"rendered":"<p>U-Boot\u00ae Silence ist ein Belag zur Schalld\u00e4mmung, der speziell entwickelt wurde f\u00fcr die Verlegung auf leichtgewichtigen Decken mit dem System U-Boot\u00ae Beton<\/p>\n","protected":false},"author":1,"featured_media":60630,"parent":0,"menu_order":25,"comment_status":"closed","ping_status":"closed","template":"template-product.php","meta":[],"acf":[],"aioseo_notices":[],"_links":{"self":[{"href":"https:\/\/www.daliform.com\/de\/wp-json\/wp\/v2\/pages\/64925"}],"collection":[{"href":"https:\/\/www.daliform.com\/de\/wp-json\/wp\/v2\/pages"}],"about":[{"href":"https:\/\/www.daliform.com\/de\/wp-json\/wp\/v2\/types\/page"}],"author":[{"embeddable":true,"href":"https:\/\/www.daliform.com\/de\/wp-json\/wp\/v2\/users\/1"}],"replies":[{"embeddable":true,"href":"https:\/\/www.daliform.com\/de\/wp-json\/wp\/v2\/comments?post=64925"}],"version-history":[{"count":0,"href":"https:\/\/www.daliform.com\/de\/wp-json\/wp\/v2\/pages\/64925\/revisions"}],"wp:featuredmedia":[{"embeddable":true,"href":"https:\/\/www.daliform.com\/de\/wp-json\/wp\/v2\/media\/60630"}],"wp:attachment":[{"href":"https:\/\/www.daliform.com\/de\/wp-json\/wp\/v2\/media?parent=64925"}],"curies":[{"name":"wp","href":"https:\/\/api.w.org\/{rel}","templated":true}]}}