{"id":64393,"date":"2016-11-24T14:37:52","date_gmt":"2016-11-24T13:37:52","guid":{"rendered":"https:\/\/www.daliform.com\/?page_id=64393"},"modified":"2024-07-31T16:14:07","modified_gmt":"2024-07-31T14:14:07","slug":"verbundplatten-mit-stahlbeton-vermischt","status":"publish","type":"page","link":"https:\/\/www.daliform.com\/de\/verbundplatten-mit-stahlbeton-vermischt\/","title":{"rendered":"Fit Slab"},"content":{"rendered":"<p>[vc_row][vc_column width=&#8220;1\/4&#8243;][vc_single_image image=&#8220;64396&#8243; img_size=&#8220;large&#8220;][\/vc_column][vc_column width=&#8220;3\/4&#8243;][vc_column_text]<\/p>\n<h6 style=\"text-align: justify;\"><strong>Fit Slab ist eine Polypropylen-Schalung mit der Hauptfunktion der Entlastung, die in Kombination mit vorgefertigten, vorgespannten oder Fachwerktr\u00e4gern oder direkt auf den Sparren die Herstellung verschiedener Arten von Stahlbetondecken mit extrem schneller Montage sowohl bei Renovierungen als auch bei Neubauten erm\u00f6glicht.<\/strong><\/h6>\n<p style=\"text-align: justify;\">Diese praktische und schnelle Bauweise erm\u00f6glicht einen leistungsf\u00e4higeren Fu\u00dfboden mit einem geringeren strukturellen Eigengewicht als bei Fu\u00dfb\u00f6den, die mit traditionellen Methoden wie Ziegeln oder Leichtbeton hergestellt werden.<\/p>\n<p>[\/vc_column_text][\/vc_column][vc_column][vc_empty_space height=&#8220;15px&#8220;][vc_column_text]<\/p>\n<p style=\"text-align: justify;\">Der Einsatz von Fit Slab f\u00fchrt zu einer erheblichen Reduzierung der Lasten auf das Tragwerk, die aufgehenden tragenden W\u00e4nde und die Fundamente. Au\u00dferdem wird die seismische Aktivit\u00e4t, die von der Decke auf die St\u00fctzkonstruktionen \u00fcbertragen wird, im Verh\u00e4ltnis zum Gewicht der Decke reduziert.<br \/>\nDie Nutzung des Hohlraums unter den Fit Slab Modulen erm\u00f6glicht die Installation von Quer- und L\u00e4ngskan\u00e4len, die f\u00fcr die Durchf\u00fchrung von Elektro-, Wasser- und Heizungsinstallationen n\u00fctzlich sind.<\/p>\n<p>[\/vc_column_text][\/vc_column][\/vc_row]<\/p>\n","protected":false},"excerpt":{"rendered":"<p>Wegwerfschalung f\u00fcr gemischte Leuchtenplatten, bestehend aus Balken aus normalem oder vorgespanntem Stahlbeton oder aus vorgefertigter Gitterplatte.<\/p>\n","protected":false},"author":1,"featured_media":59996,"parent":0,"menu_order":24,"comment_status":"closed","ping_status":"closed","template":"template-product.php","meta":[],"acf":[],"aioseo_notices":[],"_links":{"self":[{"href":"https:\/\/www.daliform.com\/de\/wp-json\/wp\/v2\/pages\/64393"}],"collection":[{"href":"https:\/\/www.daliform.com\/de\/wp-json\/wp\/v2\/pages"}],"about":[{"href":"https:\/\/www.daliform.com\/de\/wp-json\/wp\/v2\/types\/page"}],"author":[{"embeddable":true,"href":"https:\/\/www.daliform.com\/de\/wp-json\/wp\/v2\/users\/1"}],"replies":[{"embeddable":true,"href":"https:\/\/www.daliform.com\/de\/wp-json\/wp\/v2\/comments?post=64393"}],"version-history":[{"count":1,"href":"https:\/\/www.daliform.com\/de\/wp-json\/wp\/v2\/pages\/64393\/revisions"}],"predecessor-version":[{"id":112938,"href":"https:\/\/www.daliform.com\/de\/wp-json\/wp\/v2\/pages\/64393\/revisions\/112938"}],"wp:featuredmedia":[{"embeddable":true,"href":"https:\/\/www.daliform.com\/de\/wp-json\/wp\/v2\/media\/59996"}],"wp:attachment":[{"href":"https:\/\/www.daliform.com\/de\/wp-json\/wp\/v2\/media?parent=64393"}],"curies":[{"name":"wp","href":"https:\/\/api.w.org\/{rel}","templated":true}]}}