{"id":61756,"date":"2016-05-18T17:06:54","date_gmt":"2016-05-18T15:06:54","guid":{"rendered":"https:\/\/www.daliform.com\/?page_id=61756"},"modified":"2024-07-31T16:05:50","modified_gmt":"2024-07-31T14:05:50","slug":"einwegschalung-fur-leichtgewichtige-plattendecke","status":"publish","type":"page","link":"https:\/\/www.daliform.com\/de\/einwegschalung-fur-leichtgewichtige-plattendecke\/","title":{"rendered":"U-Boot\u00ae Beton"},"content":{"rendered":"<p>[vc_row][vc_column width=&#8220;1\/4&#8243;][vc_single_image image=&#8220;55850&#8243; img_size=&#8220;large&#8220;][\/vc_column][vc_column width=&#8220;3\/4&#8243;][vc_column_text]<\/p>\n<h6 style=\"text-align: justify;\"><strong>U-Boot\u00ae Beton ist eine Schalung aus wiederverwertetem Polypropylen zur Herstellung von leichtgewichtigen Sohlen und Gr\u00fcndungsplatten aus Stahlbeton.<\/strong><\/h6>\n<p style=\"text-align: justify;\">Die Verwendung der U-Boot\u00ae Beton-Schalungen erm\u00f6glichen die Herstellung von Pilzplatten, bei denen sich der Pilz in der Deckendicke befindet.<\/p>\n<p style=\"text-align: justify;\">Durch den konischen Hebefu\u00df erh\u00e4lt man beim Betonieren der U-Boot\u00ae Beton -Schalungen si ein beidseitig rechtwinkliges Tr\u00e4gergitter, das unten und oben mit einer flachen Platte geschlossen ist, die Platten werden nacheinander mit einer einzigen Sch\u00fcttung hergestellt. Das Ganze hat eine erhebliche Beton- und Stahleinsparung zur Folge.<\/p>\n<p>[\/vc_column_text][\/vc_column][vc_column][vc_empty_space height=&#8220;20px&#8220;][vc_column_text]Die auf diese Weise hergestellten Platten erm\u00f6glichen erhebliche Einsparungen an Beton und Bewehrungsstahl, da das Eigengewicht der Platte im Vergleich zu massiven Platten gleicher Dicke erheblich reduziert ist.<br \/>\nDer <strong>U-Boot\u00ae-Beton<\/strong>, der <strong>aus recyceltem Kunststoff hergestellt wird,<\/strong> ist daher die ideale L\u00f6sung f\u00fcr den Bau von Decken mit gro\u00dfer Spannweite und\/oder hoher Tragf\u00e4higkeit ohne die Unterst\u00fctzung von Tr\u00e4gern; au\u00dferdem erm\u00f6glicht das geringe Gewicht dieser Platten, die im Vergleich zu herk\u00f6mmlichen Bausystemen weniger in das \u00fcbrige Tragwerk \u201eeingreifen\u201c, erhebliche Einsparungen an Beton und Bewehrungsstahl, auch bei den Pfeilern und Fundamenten.<br \/>\nDa durch die Modularit\u00e4t eine leichte, einfache und schnelle Errichtung m\u00f6glich ist, kann der Planungstechniker die geometrischen Parameter beliebig ab\u00e4ndern, um sie mit gro\u00dfer architektonischer Freiheit jeder Situation anzupassen.[\/vc_column_text][\/vc_column][\/vc_row]<\/p>\n","protected":false},"excerpt":{"rendered":"<p>U-Boot\u00ae Beton Einwegschalung f\u00fcr leichtgewichtige Strukturen aus Ortbeton. Schalung aus wiederverwertetem Polypropylen f\u00fcr leichtgewichtigen Sohlen und Gr\u00fcndungsplatten.<\/p>\n","protected":false},"author":1,"featured_media":55860,"parent":0,"menu_order":21,"comment_status":"closed","ping_status":"closed","template":"template-product.php","meta":[],"acf":[],"aioseo_notices":[],"_links":{"self":[{"href":"https:\/\/www.daliform.com\/de\/wp-json\/wp\/v2\/pages\/61756"}],"collection":[{"href":"https:\/\/www.daliform.com\/de\/wp-json\/wp\/v2\/pages"}],"about":[{"href":"https:\/\/www.daliform.com\/de\/wp-json\/wp\/v2\/types\/page"}],"author":[{"embeddable":true,"href":"https:\/\/www.daliform.com\/de\/wp-json\/wp\/v2\/users\/1"}],"replies":[{"embeddable":true,"href":"https:\/\/www.daliform.com\/de\/wp-json\/wp\/v2\/comments?post=61756"}],"version-history":[{"count":2,"href":"https:\/\/www.daliform.com\/de\/wp-json\/wp\/v2\/pages\/61756\/revisions"}],"predecessor-version":[{"id":112932,"href":"https:\/\/www.daliform.com\/de\/wp-json\/wp\/v2\/pages\/61756\/revisions\/112932"}],"wp:featuredmedia":[{"embeddable":true,"href":"https:\/\/www.daliform.com\/de\/wp-json\/wp\/v2\/media\/55860"}],"wp:attachment":[{"href":"https:\/\/www.daliform.com\/de\/wp-json\/wp\/v2\/media?parent=61756"}],"curies":[{"name":"wp","href":"https:\/\/api.w.org\/{rel}","templated":true}]}}