{"id":60605,"date":"2016-05-17T07:59:55","date_gmt":"2016-05-17T05:59:55","guid":{"rendered":"https:\/\/www.daliform.com\/?page_id=60605"},"modified":"2022-04-13T14:44:29","modified_gmt":"2022-04-13T12:44:29","slug":"schalung-muro","status":"publish","type":"page","link":"https:\/\/www.daliform.com\/de\/schalung-muro\/","title":{"rendered":"Schalung Muro"},"content":{"rendered":"<p>[vc_row][vc_column width=&#8220;1\/4&#8243;][vc_single_image image=&#8220;60596&#8243; img_size=&#8220;full&#8220; alignment=&#8220;center&#8220;][\/vc_column][vc_column width=&#8220;3\/4&#8243;][vc_column_text]<\/p>\n<h5 style=\"text-align: justify;\"><strong>Die Schalung Muro wurde als Alternative zur herk\u00f6mmlichen Holzschalung geschaffen, um das Sch\u00fctten hoher W\u00e4nde, Gr\u00fcndungsbalken und Fundamentsockel bei drastischer Reduzierung der Ausf\u00fchrungszeiten des Fundaments zu erm\u00f6glichen.<\/strong><\/h5>\n<p style=\"text-align: justify;\">Besagte Einwegschalung besteht aus der Kombination von Rohren, Panelen, B\u00e4ndern und B\u00fcgel, alle Teile sind aus Polypropylen.<\/p>\n<p>[\/vc_column_text][\/vc_column][vc_column][vc_empty_space height=&#8220;15px&#8220;][vc_column_text]Zusammen mit dem System Atlantis erm\u00f6glicht die Schalung Muro die gleichzeitige Herstellung der Fundamenttr\u00e4ger und der Sohle. Dies optimiert und beschleunigt die Arbeiten in der Baustelle und bringt erhebliche wirtschaftliche Vorteile.<br \/>\nAus diesem Grund wird das System f\u00fcr die Herstellung von Auffangbecken und\/oder die Wasserdispersion sehr gesch\u00e4tzt, diese Arbeiten sind in den unterschiedlichen Konstruktionsarbeiten immer h\u00e4ufiger gefragt.<br \/>\nDurch die Einfachheit und Schnelligkeit der Ausf\u00fchrung ist es auch bestens zur Herstellung von Verst\u00e4rkungssohlen geeignet, bei denen die Leerr\u00e4ume zwischen den Tr\u00e4gern mit den Schalungen des Systems Atlantis gef\u00fcllt sind.[\/vc_column_text][\/vc_column][\/vc_row]<\/p>\n","protected":false},"excerpt":{"rendered":"<p>Die Schalung Muro um das Sch\u00fctten hoher W\u00e4nde, Gr\u00fcndungsbalken und Fundamentsockel bei drastischer Reduzierung der Ausf\u00fchrungszeiten des Fundaments.<\/p>\n","protected":false},"author":1,"featured_media":51514,"parent":0,"menu_order":20,"comment_status":"closed","ping_status":"closed","template":"template-product.php","meta":[],"acf":[],"aioseo_notices":[],"_links":{"self":[{"href":"https:\/\/www.daliform.com\/de\/wp-json\/wp\/v2\/pages\/60605"}],"collection":[{"href":"https:\/\/www.daliform.com\/de\/wp-json\/wp\/v2\/pages"}],"about":[{"href":"https:\/\/www.daliform.com\/de\/wp-json\/wp\/v2\/types\/page"}],"author":[{"embeddable":true,"href":"https:\/\/www.daliform.com\/de\/wp-json\/wp\/v2\/users\/1"}],"replies":[{"embeddable":true,"href":"https:\/\/www.daliform.com\/de\/wp-json\/wp\/v2\/comments?post=60605"}],"version-history":[{"count":0,"href":"https:\/\/www.daliform.com\/de\/wp-json\/wp\/v2\/pages\/60605\/revisions"}],"wp:featuredmedia":[{"embeddable":true,"href":"https:\/\/www.daliform.com\/de\/wp-json\/wp\/v2\/media\/51514"}],"wp:attachment":[{"href":"https:\/\/www.daliform.com\/de\/wp-json\/wp\/v2\/media?parent=60605"}],"curies":[{"name":"wp","href":"https:\/\/api.w.org\/{rel}","templated":true}]}}