{"id":51556,"date":"2018-06-22T15:36:30","date_gmt":"2018-06-22T13:36:30","guid":{"rendered":"https:\/\/www.daliform.com\/coffrargile\/"},"modified":"2024-08-02T17:59:17","modified_gmt":"2024-08-02T15:59:17","slug":"coffrargile-tonige-boden","status":"publish","type":"page","link":"https:\/\/www.daliform.com\/de\/coffrargile-tonige-boden\/","title":{"rendered":"Coffrargile"},"content":{"rendered":"<p>[vc_row][vc_column width=&#8220;1\/4&#8243;][vc_single_image image=&#8220;35258&#8243; img_size=&#8220;full&#8220;][\/vc_column][vc_column width=&#8220;3\/4&#8243;][vc_column_text]Bei Gr\u00fcndungsproblemen in tonigen B\u00f6den sind die Voraussetzungen f\u00fcr eine \u201eaktive\u201c Haltung gegen\u00fcber dem Boden im Entwurfsprozess nicht immer gegeben.<\/p>\n<p>In den meisten F\u00e4llen wird das Bauwerk in Abh\u00e4ngigkeit von den mechanischen Eigenschaften des Bodens entworfen und sein Verhalten vorhergesagt, w\u00e4hrend es nur selten m\u00f6glich ist, auf den Boden einzuwirken, um ung\u00fcnstige Umweltbedingungen zu \u00e4ndern.<\/p>\n<p>Die Daliform Group hat <strong>Coffrargile<\/strong>, eine Einwegschalung aus recyceltem Kunststoff, entwickelt, um den Bewegungen des Lehmbodens effektiv entgegenzuwirken und den Boden vor Schrumpfung zu sch\u00fctzen.[\/vc_column_text][\/vc_column][vc_column][vc_empty_space][vc_column_text]<strong>Coffrargile<\/strong> wird in Kombination mit Beton Up verwendet, einem Zubeh\u00f6r, das verhindert, dass der Beton die f\u00fcr das klassische Igl\u00f9\u00ae-System typischen \u201eS\u00e4ulen\u201c bildet.<\/p>\n<p>Die Schalung \u00fcbernimmt somit die Funktion einer einfachen Decke, auf der eine tragende Stahlbetonplatte mit einem darunter liegenden Hohlraum erstellt werden kann, der das Quellen und <strong>Schwinden des Fundaments aufgrund<\/strong> der besonderen mechanischen Eigenschaften des Lehmbodens aufnimmt.[\/vc_column_text][\/vc_column][\/vc_row]<\/p>\n","protected":false},"excerpt":{"rendered":"<p>Einwegschalungen um die Bewegungen von tonigen B\u00f6den effektiv zu bew\u00e4ltigen und den Boden vor Schrumpfen \/ Quellen zu sch\u00fctzen.<\/p>\n","protected":false},"author":1,"featured_media":38975,"parent":0,"menu_order":19,"comment_status":"closed","ping_status":"closed","template":"template-product.php","meta":[],"acf":[],"aioseo_notices":[],"_links":{"self":[{"href":"https:\/\/www.daliform.com\/de\/wp-json\/wp\/v2\/pages\/51556"}],"collection":[{"href":"https:\/\/www.daliform.com\/de\/wp-json\/wp\/v2\/pages"}],"about":[{"href":"https:\/\/www.daliform.com\/de\/wp-json\/wp\/v2\/types\/page"}],"author":[{"embeddable":true,"href":"https:\/\/www.daliform.com\/de\/wp-json\/wp\/v2\/users\/1"}],"replies":[{"embeddable":true,"href":"https:\/\/www.daliform.com\/de\/wp-json\/wp\/v2\/comments?post=51556"}],"version-history":[{"count":2,"href":"https:\/\/www.daliform.com\/de\/wp-json\/wp\/v2\/pages\/51556\/revisions"}],"predecessor-version":[{"id":113459,"href":"https:\/\/www.daliform.com\/de\/wp-json\/wp\/v2\/pages\/51556\/revisions\/113459"}],"wp:featuredmedia":[{"embeddable":true,"href":"https:\/\/www.daliform.com\/de\/wp-json\/wp\/v2\/media\/38975"}],"wp:attachment":[{"href":"https:\/\/www.daliform.com\/de\/wp-json\/wp\/v2\/media?parent=51556"}],"curies":[{"name":"wp","href":"https:\/\/api.w.org\/{rel}","templated":true}]}}