{"id":51345,"date":"2020-05-19T10:05:08","date_gmt":"2020-05-19T08:05:08","guid":{"rendered":"https:\/\/www.daliform.com\/iglu-barrier\/"},"modified":"2024-07-31T15:53:41","modified_gmt":"2024-07-31T13:53:41","slug":"beluftungshohlraume-zum-schutz-gegen-aufsteigende-feuchtigkeit-an-stutzmauern","status":"publish","type":"page","link":"https:\/\/www.daliform.com\/de\/beluftungshohlraume-zum-schutz-gegen-aufsteigende-feuchtigkeit-an-stutzmauern\/","title":{"rendered":"Iglu&#8217;\u00ae Barrier"},"content":{"rendered":"<p>[vc_row][vc_column width=&#8220;1\/4&#8243;][vc_single_image image=&#8220;38767&#8243; img_size=&#8220;large&#8220;][\/vc_column][vc_column width=&#8220;3\/4&#8243;][vc_column_text]<\/p>\n<h5><strong>Dieses System stellt den sichersten Schutz f\u00fcr unterirdische Mauern dar, die dazu bestimmt sind, \u00fcber einen l\u00e4ngeren Zeitraum zu halten, und wird die Struktur w\u00e4hrend seiner gesamten technischen Lebensdauer begleiten.<\/strong><\/h5>\n<p>[\/vc_column_text][vc_column_text]St\u00fctzmauern sind aufgrund von Kapillarph\u00e4nomenen Feuchtigkeit ausgesetzt, zu der noch die Kondensation feuchter Luft infolge unzureichender W\u00e4rmed\u00e4mmung hinzukommen kann. Diese Situation kann zu Schimmelbildung und zu unangenehmen Ger\u00fcchen f\u00fchren und kann vor allem die Dauerhaftigkeit der Struktur beeintr\u00e4chtigen.<\/p>\n<p>Die Werkstoffe m\u00fcssen so ausgew\u00e4hlt werden, dass die Produkte auch langfristig ihre wasser- und dampfabweichenden Eigenschaften haben. Sie m\u00fcssen standhaft vor Verrottung sein und Festigkeit bei der Handhabung von Ladungen von Baustellenfahrzeugen aufweisen.[\/vc_column_text][\/vc_column][\/vc_row][vc_row][vc_column][vc_column_text]<strong>Iglu\u2019\u00ae Barrier ist eine Schalung aus recyceltem Kunststoff<\/strong> zum Schutz der wasserdichten Membran der St\u00fctzmauer in Bodenkontakt.<br \/>\nDank ihrer technischen Leistungen bietet eine optimale Druckfestigkeit.<br \/>\nIglu\u2019\u00ae Barrier schafft einen bel\u00fcfteten Hohlraum zwischen der wasserdichten St\u00fctzmauer und der Hinterf\u00fcllung, sodass der Kontakt zwischen dem Boden und der Abdichtung beseitigt wird.[\/vc_column_text][\/vc_column][\/vc_row]<\/p>\n","protected":false},"excerpt":{"rendered":"<p>Die Recycling-Kunststoffschalung Igl\u00f9\u00ae Barrier sch\u00fctzt St\u00fctzmauern in unterirdischen Wohnr\u00e4umen<\/p>\n","protected":false},"author":11,"featured_media":38777,"parent":0,"menu_order":18,"comment_status":"closed","ping_status":"closed","template":"template-product.php","meta":[],"acf":[],"aioseo_notices":[],"_links":{"self":[{"href":"https:\/\/www.daliform.com\/de\/wp-json\/wp\/v2\/pages\/51345"}],"collection":[{"href":"https:\/\/www.daliform.com\/de\/wp-json\/wp\/v2\/pages"}],"about":[{"href":"https:\/\/www.daliform.com\/de\/wp-json\/wp\/v2\/types\/page"}],"author":[{"embeddable":true,"href":"https:\/\/www.daliform.com\/de\/wp-json\/wp\/v2\/users\/11"}],"replies":[{"embeddable":true,"href":"https:\/\/www.daliform.com\/de\/wp-json\/wp\/v2\/comments?post=51345"}],"version-history":[{"count":3,"href":"https:\/\/www.daliform.com\/de\/wp-json\/wp\/v2\/pages\/51345\/revisions"}],"predecessor-version":[{"id":112931,"href":"https:\/\/www.daliform.com\/de\/wp-json\/wp\/v2\/pages\/51345\/revisions\/112931"}],"wp:featuredmedia":[{"embeddable":true,"href":"https:\/\/www.daliform.com\/de\/wp-json\/wp\/v2\/media\/38777"}],"wp:attachment":[{"href":"https:\/\/www.daliform.com\/de\/wp-json\/wp\/v2\/media?parent=51345"}],"curies":[{"name":"wp","href":"https:\/\/api.w.org\/{rel}","templated":true}]}}