{"id":49794,"date":"2016-05-27T15:51:51","date_gmt":"2016-05-27T13:51:51","guid":{"rendered":"https:\/\/www.daliform.com\/sistema-atlantis\/anwendungen-sistema-atlantis\/wurzelschutz-zwischenraum\/"},"modified":"2021-09-13T14:46:35","modified_gmt":"2021-09-13T12:46:35","slug":"wurzelschutz-zwischenraum","status":"publish","type":"page","link":"https:\/\/www.daliform.com\/de\/sistema-atlantis-beluftungshohlraume\/anwendungen-sistema-atlantis\/wurzelschutz-zwischenraum\/","title":{"rendered":"Wurzelschutz-Zwischenraum"},"content":{"rendered":"<p>[vc_row padding_top=&#8220;0&#8243; padding_bottom=&#8220;0&#8243;][vc_column]\n\t<div class=\"custom-heading wpb_content_element  heading-medium\">\n\t\t<h2 class=\"heading-title\" >Durch die Schaffung eines Hohlraums mit Iglu'\u00ae oder mit dem Atlantis-System um B\u00e4ume unterhalb des Stra\u00dfenbelags wird verhindert, dass die Wurzeln den dar\u00fcber liegenden B\u00fcrgersteig brechen oder aufbrechen.<\/h2>\n\t\t<span class=\"heading-line primary\"><\/span>\n\t<\/div>[\/vc_column][\/vc_row][vc_row][vc_column width=&#8220;1\/2&#8243;][vc_masonry_media_grid element_width=&#8220;6&#8243; grid_id=&#8220;vc_gid:1627986227821-ac8d7061-78bb-8&#8243; include=&#8220;37825,37835,37845,37855&#8243;][\/vc_column][vc_column width=&#8220;1\/2&#8243;][vc_column_text css=&#8220;.vc_custom_1594369666697{margin-bottom: 35px !important;}&#8220;]<\/p>\n<h5 style=\"text-align: justify;\">Wenn man mit Igl\u00f9<sup><sub>\u00ae<\/sub><\/sup> unter dem Stra\u00dfenbelag um die B\u00e4ume herum einen Hohlraum anlegt, &#8222;t\u00e4uscht&#8220; man den Baum; <strong>denn die Wurzeln, die auf die Luftschicht treffen, neigen dazu horizontal weiterzuwachsen ohne den Stra\u00dfenbelag aufzubrechen oder aufzuwerfen.<\/strong><\/h5>\n<p style=\"text-align: justify;\"><strong>Das St\u00e4dtische Gr\u00fcn ist inzwischen ein unentbehrlicher Bestandteil, der die Lebensqualit\u00e4t verbessert und den St\u00e4dten Lebhaftigkeit und Farbe verleiht.<\/strong><br \/>\nSeit der Theoretisierung der Gartenst\u00e4dte sind fast 200 Jahre vergangen und auch in Italien ist man dazu \u00fcbergegangen Parks, Stadtw\u00e4lder und &#8222;gr\u00fcne G\u00fcrtel\u201d anzulegen. Doch oft beschr\u00e4nkt sich die Gr\u00fcnanlage nur auf die Seiten der befahrbaren Stra\u00dfen, die B\u00fcrgersteige oder Fahrradwege. Man muss regelm\u00e4\u00dfig Instandhaltungsarbeiten vornehmen, weil die Baumwurzeln gegen den Bodenbelag dr\u00fccken, ihn hochheben und ins Freie treten, um danach wieder in den Boden zur\u00fcckzukehren und horizontal weiterwachsen. <strong>Das Atlantis System Igl\u00f9<sup><sub>\u00ae<\/sub><\/sup> Kann diese Problem beseitigen.<\/strong><\/p>\n<p>[\/vc_column_text][\/vc_column][\/vc_row][vc_row row_type=&#8220;row_full_center_content&#8220; bg_color=&#8220;#f2f2f2&#8243;][vc_column][vc_column_text]<\/p>\n<p style=\"text-align: justify;\"><strong>Vorteile:<\/strong><br \/>\n\u2022 Keine Instandhaltungskosten f\u00fcr Gehsteig\/Fahrradweg.<br \/>\n\u2022 Gr\u00f6\u00dfere \u201cZufriedenheit\u201d der Einwohner, die sich nicht \u00fcber den unebenen Bodenbelag beschweren.<br \/>\n\u2022 Weniger Unf\u00e4lle \u00e4lterer oder behinderter Personen.<br \/>\n\u2022 Nivellierung mit hoher Materialeinsparung.<\/p>\n<p>[\/vc_column_text][\/vc_column][\/vc_row][vc_row][vc_column][vc_separator][vc_column_text css=&#8220;.vc_custom_1592297006811{margin-bottom: 15px !important;}&#8220;]<strong>EMPFOHLENE PRODUKTE:<\/strong>[\/vc_column_text][vc_empty_space height=&#8220;10px&#8220;][\/vc_column][vc_column][vc_masonry_grid post_type=&#8220;ids&#8220; element_width=&#8220;3&#8243; grid_id=&#8220;vc_gid:1627986227823-e9c34ef3-a323-7&#8243; include=&#8220;1034, 4579&#8243; el_class=&#8220;text-size-p&#8220;][\/vc_column][\/vc_row]<\/p>\n","protected":false},"excerpt":{"rendered":"<p>Die B\u00e4ume- und B\u00fcschewurzelh\u00f6rzel an dem Stra\u00dfenrand zu sch\u00fctzen, um die gef\u00e4hrlichen Deformationen und die Hebung von der Asphaltdecke zu vermeiden.<\/p>\n","protected":false},"author":1,"featured_media":57868,"parent":49199,"menu_order":3,"comment_status":"closed","ping_status":"closed","template":"","meta":[],"acf":[],"aioseo_notices":[],"_links":{"self":[{"href":"https:\/\/www.daliform.com\/de\/wp-json\/wp\/v2\/pages\/49794"}],"collection":[{"href":"https:\/\/www.daliform.com\/de\/wp-json\/wp\/v2\/pages"}],"about":[{"href":"https:\/\/www.daliform.com\/de\/wp-json\/wp\/v2\/types\/page"}],"author":[{"embeddable":true,"href":"https:\/\/www.daliform.com\/de\/wp-json\/wp\/v2\/users\/1"}],"replies":[{"embeddable":true,"href":"https:\/\/www.daliform.com\/de\/wp-json\/wp\/v2\/comments?post=49794"}],"version-history":[{"count":0,"href":"https:\/\/www.daliform.com\/de\/wp-json\/wp\/v2\/pages\/49794\/revisions"}],"up":[{"embeddable":true,"href":"https:\/\/www.daliform.com\/de\/wp-json\/wp\/v2\/pages\/49199"}],"wp:featuredmedia":[{"embeddable":true,"href":"https:\/\/www.daliform.com\/de\/wp-json\/wp\/v2\/media\/57868"}],"wp:attachment":[{"href":"https:\/\/www.daliform.com\/de\/wp-json\/wp\/v2\/media?parent=49794"}],"curies":[{"name":"wp","href":"https:\/\/api.w.org\/{rel}","templated":true}]}}