{"id":49753,"date":"2016-05-26T15:50:05","date_gmt":"2016-05-26T13:50:05","guid":{"rendered":"https:\/\/www.daliform.com\/sistema-atlantis\/anwendungen-sistema-atlantis\/hohltraeger-gruendungsplatte\/"},"modified":"2021-09-13T14:38:11","modified_gmt":"2021-09-13T12:38:11","slug":"hohltrager-grundungsplatte","status":"publish","type":"page","link":"https:\/\/www.daliform.com\/de\/sistema-atlantis-beluftungshohlraume\/anwendungen-sistema-atlantis\/hohltrager-grundungsplatte\/","title":{"rendered":"Hohltr\u00e4ger-Gr\u00fcndungsplatte"},"content":{"rendered":"<p>[vc_row padding_top=&#8220;0&#8243; padding_bottom=&#8220;0&#8243;][vc_column]\n\t<div class=\"custom-heading wpb_content_element  heading-medium\">\n\t\t<h2 class=\"heading-title\" >Mit dem Atlantis System ist es m\u00f6glich, sehr steife Fundamente (Box oder Boxbett) zu geringen Kosten zu erstellen.<\/h2>\n\t\t<span class=\"heading-line primary\"><\/span>\n\t<\/div>[\/vc_column][\/vc_row][vc_row][vc_column width=&#8220;1\/2&#8243;][vc_single_image image=&#8220;37803&#8243; img_size=&#8220;full&#8220;][\/vc_column][vc_column width=&#8220;1\/2&#8243;][vc_column_text css=&#8220;.vc_custom_1594368940386{margin-bottom: 25px !important;}&#8220;]<\/p>\n<h5 style=\"text-align: justify;\"><strong>Mit den Schalungen Igl\u00f9\u00ae oder Atlantis der Daliform Group in Verbindung mit den Panelen L-Plast oder der Schalung Muro kann man die Struktur der Gr\u00fcndungsplatte in nur Phasen fertigstellen<\/strong>; bzw. man sch\u00fcttet die untere Sohle, auf der die Produkte der Daliform Group errichtet werden, anschlie\u00dfend sch\u00fcttet man die Tr\u00e4ger und die Verdichtungssohle in einem einzigen Durchlauf. Auf diese Weise kann man Fundamente mit sehr hoher Steifigkeit bei niedrigen Kosten herstellen.<\/h5>\n<p style=\"text-align: justify;\">Die Hauptaufgabe der Fundamentstrukturen, wie der vom <span class=\"s1\">System Atlantis<\/span> vorgeschlagenen, ist die <span class=\"s1\">Verteilung der von den Pfeilern, Trennw\u00e4nden und Mauern kommenden Lasten auf dem Boden<\/span> und die gleichzeitige Bodenverankerung des Geb\u00e4udes, die die Stabilit\u00e4t garantiert. Bei Verwendung des <span class=\"s1\">Systems Atlantis<\/span> kann man in einigen F\u00e4llen <span class=\"s1\">die Fundamentpf\u00e4hle <\/span>beseitigen, die bei anderen baulichen L\u00f6sungen erforderlich sind.<\/p>\n<p>[\/vc_column_text][\/vc_column][vc_column][vc_empty_space height=&#8220;20px&#8220;][vc_column_text css=&#8220;.vc_custom_1594368933242{margin-bottom: 25px !important;}&#8220;]<\/p>\n<p style=\"text-align: justify;\">Die Strukturen des Fundaments sollen die verschiedenen Verformungen ausgleichen, die durch die Ungleichm\u00e4\u00dfigkeit des Bodens und die ungleiche Lastverteilung entstehen und die Stabilit\u00e4t des Geb\u00e4udes sichern. Die letzteren stellen f\u00fcr die Integrit\u00e4t des Fundaments und der dar\u00fcber befindlichen Struktur eine echte Gefahr dar. Wenn man nach den Merkmalen des Geb\u00e4udes und des Bodens, die am besten f\u00fcr die Lastenverteilung geeignete Fundamentart herausgefunden hat, wird das technische Problem ein wirtschaftliches, denn man versucht das kosteng\u00fcnstigste System zur Herstellung der gew\u00e4hlten L\u00f6sung herauszufinden.<br \/>\nEine L\u00f6sung dieses Problems ohne \u00c4nderung der Struktur, ist die Ausf\u00fchrung einer Hohltr\u00e4ger-Gr\u00fcndungsplatte (oder mit Hohlk\u00f6rpern). Man erh\u00e4lt eine wabenf\u00f6rmige Struktur, die sich aus zwei flachen Platten zusammensetzt, die durch beidseitig rechtwinklige Tr\u00e4ger verbunden sind: die oberen und unteren Sohlen mit einer St\u00e4rke von 15-20 cm mit Verbindungstr\u00e4ger, die 70\u2013120 cm hoch sind und deren Zwischenabstand nach den jeweiligen statischen Erfordernissen ge\u00e4ndert werden kann. Mit den Schalungen <span class=\"s1\">Igl\u00f9<sup>\u00ae<\/sup><\/span> oder <span class=\"s1\">Atlantis<\/span> der Daliform Group in Verbindung mit den Panelen <span class=\"s1\">L-Plast<\/span> oder der <span class=\"s1\">Schalung Muro<\/span> kann man die Struktur der Gr\u00fcndungsplatte in nur Phasen fertigstellen; bzw. man sch\u00fcttet die untere Sohle, auf der die Produkte der Daliform Group errichtet werden, anschlie\u00dfend sch\u00fcttet man die Tr\u00e4ger und die Verdichtungssohle in einem einzigen Durchlauf. Auf diese Weise kann man Fundamente mit sehr hoher Steifigkeit bei niedrigen Kosten herstellen.<\/p>\n<p>[\/vc_column_text][\/vc_column][\/vc_row][vc_row][vc_column][vc_separator][vc_column_text css=&#8220;.vc_custom_1592297006811{margin-bottom: 15px !important;}&#8220;]<strong>EMPFOHLENE PRODUKTE:<\/strong>[\/vc_column_text][vc_empty_space height=&#8220;10px&#8220;][\/vc_column][vc_column][vc_masonry_grid post_type=&#8220;ids&#8220; element_width=&#8220;3&#8243; grid_id=&#8220;vc_gid:1627985728897-b0e7b1fa-8089-6&#8243; include=&#8220;1034, 4579&#8243; el_class=&#8220;text-size-p&#8220;][\/vc_column][\/vc_row]<\/p>\n","protected":false},"excerpt":{"rendered":"<p>Schalungen Igl\u00f9\u00ae oder Atlantis in Verbindung mit L-Plast oder der Schalung Muro kann man die Struktur der Gr\u00fcndungsplatte in nur Phasen fertigstellen.<\/p>\n","protected":false},"author":1,"featured_media":57857,"parent":49199,"menu_order":2,"comment_status":"closed","ping_status":"closed","template":"","meta":[],"acf":[],"aioseo_notices":[],"_links":{"self":[{"href":"https:\/\/www.daliform.com\/de\/wp-json\/wp\/v2\/pages\/49753"}],"collection":[{"href":"https:\/\/www.daliform.com\/de\/wp-json\/wp\/v2\/pages"}],"about":[{"href":"https:\/\/www.daliform.com\/de\/wp-json\/wp\/v2\/types\/page"}],"author":[{"embeddable":true,"href":"https:\/\/www.daliform.com\/de\/wp-json\/wp\/v2\/users\/1"}],"replies":[{"embeddable":true,"href":"https:\/\/www.daliform.com\/de\/wp-json\/wp\/v2\/comments?post=49753"}],"version-history":[{"count":0,"href":"https:\/\/www.daliform.com\/de\/wp-json\/wp\/v2\/pages\/49753\/revisions"}],"up":[{"embeddable":true,"href":"https:\/\/www.daliform.com\/de\/wp-json\/wp\/v2\/pages\/49199"}],"wp:featuredmedia":[{"embeddable":true,"href":"https:\/\/www.daliform.com\/de\/wp-json\/wp\/v2\/media\/57857"}],"wp:attachment":[{"href":"https:\/\/www.daliform.com\/de\/wp-json\/wp\/v2\/media?parent=49753"}],"curies":[{"name":"wp","href":"https:\/\/api.w.org\/{rel}","templated":true}]}}