{"id":49481,"date":"2016-05-26T15:51:46","date_gmt":"2016-05-26T13:51:46","guid":{"rendered":"https:\/\/www.daliform.com\/sistema-atlantis\/anwendungen-sistema-atlantis\/tiefe-fundamente-auf-mehreren-ebenen\/"},"modified":"2021-09-13T14:24:11","modified_gmt":"2021-09-13T12:24:11","slug":"tiefe-fundamente-auf-mehreren-ebenen","status":"publish","type":"page","link":"https:\/\/www.daliform.com\/de\/sistema-atlantis-beluftungshohlraume\/anwendungen-sistema-atlantis\/tiefe-fundamente-auf-mehreren-ebenen\/","title":{"rendered":"Tiefe Fundamente auf mehreren Ebenen"},"content":{"rendered":"<p>[vc_row padding_top=&#8220;0&#8243; padding_bottom=&#8220;0&#8243;][vc_column]\n\t<div class=\"custom-heading wpb_content_element  heading-medium\">\n\t\t<h2 class=\"heading-title\" >Mit das System Atlantis kann man problemlos, wirtschaftlich und schnell Strukturen herstellen, die unterschiedliche H\u00f6hen erfordern, wie beispielsweise Sohlen, geneigte Rampen und Sohlen mit mehreren Ebenen.<\/h2>\n\t\t<span class=\"heading-line primary\"><\/span>\n\t<\/div>[\/vc_column][\/vc_row][vc_row][vc_column width=&#8220;1\/2&#8243;][vc_single_image image=&#8220;37781&#8243; img_size=&#8220;full&#8220;][\/vc_column][vc_column width=&#8220;1\/2&#8243;][vc_column_text css=&#8220;.vc_custom_1594212135729{margin-bottom: 25px !important;}&#8220;]<\/p>\n<h5 style=\"text-align: justify;\">Das System Atlantis gestattet die zentimetergenaue H\u00f6heneinstellung der Heberohre, die in verschiedenen Ma\u00dfen an die Baustelle geliefert werden k\u00f6nnen. Auf diese Weise kann man problemlos, wirtschaftlich und schnell Strukturen herstellen, die unterschiedliche H\u00f6hen erfordern, wie beispielsweise Sohlen, geneigte Rampen und Sohlen mit mehreren Ebenen.<\/h5>\n<p style=\"text-align: justify;\">Normalerweise werden Sohlen mit gleicher H\u00f6he ausgef\u00fchrt, man beginnt mit Fundamentfeldern auf unterschiedlichem Niveau (ein klassisches Beispiel sind die \u201cumgedrehten T-Tr\u00e4ger\u201d oder Fundamente mit isolierten Bodenplatten), mit dem System Atlantis kann man diese Strukturen auf einfache Weise und ohne die regul\u00e4re Errichtung der Schalungen zu unterbrechen, ausf\u00fchren. Das beschriebene System reduziert die Ausf\u00fchrungszeiten noch weiter, wenn es zusammen mit dem Zubeh\u00f6r Verschalung Muro verwendet wird.<\/p>\n<p>[\/vc_column_text][\/vc_column][\/vc_row][vc_row][vc_column][vc_separator][vc_column_text css=&#8220;.vc_custom_1592297006811{margin-bottom: 15px !important;}&#8220;]<strong>EMPFOHLENE PRODUKTE:<\/strong>[\/vc_column_text][vc_empty_space height=&#8220;10px&#8220;][\/vc_column][vc_column][vc_masonry_grid post_type=&#8220;ids&#8220; element_width=&#8220;3&#8243; grid_id=&#8220;vc_gid:1627985330000-7894ba51-ea60-5&#8243; include=&#8220;1034, 4579&#8243; el_class=&#8220;text-size-p&#8220;][\/vc_column][\/vc_row]<\/p>\n","protected":false},"excerpt":{"rendered":"<p>Strukturen herstellen, die unterschiedliche H\u00f6hen erfordern, wie beispielsweise Sohlen, geneigte Rampen und Sohlen mit mehreren Ebenen. <\/p>\n","protected":false},"author":1,"featured_media":57846,"parent":49199,"menu_order":1,"comment_status":"closed","ping_status":"closed","template":"","meta":[],"acf":[],"aioseo_notices":[],"_links":{"self":[{"href":"https:\/\/www.daliform.com\/de\/wp-json\/wp\/v2\/pages\/49481"}],"collection":[{"href":"https:\/\/www.daliform.com\/de\/wp-json\/wp\/v2\/pages"}],"about":[{"href":"https:\/\/www.daliform.com\/de\/wp-json\/wp\/v2\/types\/page"}],"author":[{"embeddable":true,"href":"https:\/\/www.daliform.com\/de\/wp-json\/wp\/v2\/users\/1"}],"replies":[{"embeddable":true,"href":"https:\/\/www.daliform.com\/de\/wp-json\/wp\/v2\/comments?post=49481"}],"version-history":[{"count":0,"href":"https:\/\/www.daliform.com\/de\/wp-json\/wp\/v2\/pages\/49481\/revisions"}],"up":[{"embeddable":true,"href":"https:\/\/www.daliform.com\/de\/wp-json\/wp\/v2\/pages\/49199"}],"wp:featuredmedia":[{"embeddable":true,"href":"https:\/\/www.daliform.com\/de\/wp-json\/wp\/v2\/media\/57846"}],"wp:attachment":[{"href":"https:\/\/www.daliform.com\/de\/wp-json\/wp\/v2\/media?parent=49481"}],"curies":[{"name":"wp","href":"https:\/\/api.w.org\/{rel}","templated":true}]}}