{"id":49265,"date":"2016-04-13T16:53:49","date_gmt":"2016-04-13T14:53:49","guid":{"rendered":"https:\/\/www.daliform.com\/sistema-atlantis\/anwendungen-sistema-atlantis\/befahrbaren-auffahrtsrampen\/"},"modified":"2021-09-13T11:58:52","modified_gmt":"2021-09-13T09:58:52","slug":"befahrbaren-auffahrtsrampen","status":"publish","type":"page","link":"https:\/\/www.daliform.com\/de\/sistema-atlantis-beluftungshohlraume\/anwendungen-sistema-atlantis\/befahrbaren-auffahrtsrampen\/","title":{"rendered":"Befahrbaren Auffahrtsrampen"},"content":{"rendered":"<p>[vc_row padding_top=&#8220;0&#8243; padding_bottom=&#8220;0&#8243;][vc_column]\n\t<div class=\"custom-heading wpb_content_element  heading-medium\">\n\t\t<h2 class=\"heading-title\" >Das System Atlantis gestattet die zentimetergenaue H\u00f6heneinstellung der Heberohre, die in verschiedenen Ma\u00dfen an die Baustelle geliefert werden k\u00f6nnen. Auf diese Weise kann man problemlos, wirtschaftlich und schnell Strukturen herstellen, die unterschiedliche H\u00f6hen erfordern, wie beispielsweise Sohlen, geneigte Rampen und Sohlen mit mehreren Ebenen.<\/h2>\n\t\t<span class=\"heading-line primary\"><\/span>\n\t<\/div>[\/vc_column][\/vc_row][vc_row][vc_column width=&#8220;1\/2&#8243;][vc_masonry_media_grid grid_id=&#8220;vc_gid:1627984732730-6ac9d718-f27c-0&#8243; include=&#8220;37667,37677,37687,37697,37707,37717,37727,37737,37657&#8243;][\/vc_column][vc_column width=&#8220;1\/2&#8243;][vc_column_text]<\/p>\n<h5 style=\"text-align: justify;\">Systeme f\u00fcr die Gestaltung von befahrbaren Auffahrtsrampen, Terrassen, leicht Schr\u00e4gplatten f\u00fcr Theater und Kinos oder f\u00fcr die Ebnung von H\u00f6hen.<\/h5>\n<p style=\"text-align: justify;\">Mit dem System Atlantis kann man <strong>schnell und mit beachtlicher Materialeinsparung Zufahrtsrampen<\/strong> zu unterirdischen R\u00e4umlichkeiten konstruieren. Anstatt Material wie Sand, Kies oder Beton zu benutzen, kann man ein Fundament f\u00fcr die Rampe in der gleichen H\u00f6he wie die daneben befindliche Struktur (Parkplatz) herstellen und einen Hohlraum mit befahrbarer Sohle bilden, die an der Au\u00dfenseite geneigt ist. <strong>Die Systems Atlantis erm\u00f6glicht auch im Grundriss gekurvte Rampen.<\/strong><\/p>\n<p>Die Techniker der Daliform Group stehen Ihnen zur Verf\u00fcgung und unterst\u00fctzen Sie bei der Planung Ihres Bel\u00fcftungshohlraums, auf Anfrage senden Sie Ihnen individuelle Studien mit Berechnungsnachweisen und Bauzeichnungen.[\/vc_column_text][\/vc_column][\/vc_row][vc_row][vc_column][vc_separator][vc_column_text css=&#8220;.vc_custom_1592297006811{margin-bottom: 15px !important;}&#8220;]<strong>EMPFOHLENE PRODUKTE:<\/strong>[\/vc_column_text][vc_empty_space height=&#8220;10px&#8220;][\/vc_column][vc_column][vc_masonry_grid post_type=&#8220;ids&#8220; show_filter=&#8220;yes&#8220; element_width=&#8220;3&#8243; grid_id=&#8220;vc_gid:1627984732732-84822b3c-6b3a-4&#8243; include=&#8220;1034, 4579&#8243; el_class=&#8220;text-size-p&#8220; filter_source=&#8220;category&#8220;][\/vc_column][\/vc_row]<\/p>\n","protected":false},"excerpt":{"rendered":"<p>Systeme f\u00fcr die Gestaltung von befahrbaren Auffahrtsrampen, Terrassen, leicht Schr\u00e4gplatten f\u00fcr Theater und Kinos oder f\u00fcr die Ebnung von H\u00f6hen.<\/p>\n","protected":false},"author":1,"featured_media":57830,"parent":49199,"menu_order":0,"comment_status":"closed","ping_status":"closed","template":"","meta":[],"acf":[],"aioseo_notices":[],"_links":{"self":[{"href":"https:\/\/www.daliform.com\/de\/wp-json\/wp\/v2\/pages\/49265"}],"collection":[{"href":"https:\/\/www.daliform.com\/de\/wp-json\/wp\/v2\/pages"}],"about":[{"href":"https:\/\/www.daliform.com\/de\/wp-json\/wp\/v2\/types\/page"}],"author":[{"embeddable":true,"href":"https:\/\/www.daliform.com\/de\/wp-json\/wp\/v2\/users\/1"}],"replies":[{"embeddable":true,"href":"https:\/\/www.daliform.com\/de\/wp-json\/wp\/v2\/comments?post=49265"}],"version-history":[{"count":0,"href":"https:\/\/www.daliform.com\/de\/wp-json\/wp\/v2\/pages\/49265\/revisions"}],"up":[{"embeddable":true,"href":"https:\/\/www.daliform.com\/de\/wp-json\/wp\/v2\/pages\/49199"}],"wp:featuredmedia":[{"embeddable":true,"href":"https:\/\/www.daliform.com\/de\/wp-json\/wp\/v2\/media\/57830"}],"wp:attachment":[{"href":"https:\/\/www.daliform.com\/de\/wp-json\/wp\/v2\/media?parent=49265"}],"curies":[{"name":"wp","href":"https:\/\/api.w.org\/{rel}","templated":true}]}}