{"id":48978,"date":"2016-05-19T14:54:53","date_gmt":"2016-05-19T12:54:53","guid":{"rendered":"https:\/\/www.daliform.com\/sistema-atlantis\/"},"modified":"2024-07-31T14:44:12","modified_gmt":"2024-07-31T12:44:12","slug":"sistema-atlantis-beluftungshohlraume","status":"publish","type":"page","link":"https:\/\/www.daliform.com\/de\/sistema-atlantis-beluftungshohlraume\/","title":{"rendered":"Sistema Atlantis"},"content":{"rendered":"<p>[vc_row][vc_column width=&#8220;1\/4&#8243;][vc_single_image image=&#8220;37600&#8243; img_size=&#8220;large&#8220;][\/vc_column][vc_column width=&#8220;3\/4&#8243;][vc_column_text]<\/p>\n<p style=\"text-align: justify;\"><strong>Atlantis ist ein hoch entwickeltes System<\/strong> zur Herstellung von Zwischenr\u00e4umen im Allgemeinen, Bel\u00fcftungshohlr\u00e4umen und bel\u00fcfteten Fu\u00dfb\u00f6den bei der Konstruktion und Renovierung von Privat- und Industriegeb\u00e4uden, desweiteren von Sammelbecken, Dispersionsbecken, wabenf\u00f6rmige Gr\u00fcndungsplatten und K\u00fchlzellen mit niedriger Temperatur.<\/p>\n<p>Das <strong>System Atlantis<\/strong> wird eingesetzt, wenn die Tiefe des Bel\u00fcftungshohlraums der des Zwischenraums die Verwendung der klassischen Schalungen Igl\u00f9<sup>\u00ae<\/sup> nicht erlaubt, hier hat man den Vorteil eines konstanten Durchmessers der Heberohre, die den Betonverbrauch f\u00fcr das F\u00fcllen reduziert. Dieses System aus <strong>recyceltem Kunststoff<\/strong> zeichnet sich durch <strong>Schnelligkeit, Einfachheit<\/strong> und <strong>Kosteneffizienz<\/strong> aus.<\/p>\n<p style=\"text-align: justify;\">Au\u00dferdem erh\u00e4lt man mit <strong>Atlantis<\/strong> einen Hohlraum mit angeglichener Dampfbarriere f\u00fcr den Fu\u00dfboden, der falls er mit ins Freie f\u00fchrende Rohrleitungen bel\u00fcftet ist, ein Mittel zur Ableitung des im Boden enthaltenen Radons ist.<\/p>\n<p>[\/vc_column_text][\/vc_column][\/vc_row]<\/p>\n","protected":false},"excerpt":{"rendered":"<p>Atlantis-Formsystem zur Herstellung von Betonplatten mit Platz darunter, um Strukturen aufzuhellen, Bodenh\u00f6hen und andere Anwendungen auszugleichen.<\/p>\n","protected":false},"author":1,"featured_media":37610,"parent":0,"menu_order":17,"comment_status":"closed","ping_status":"closed","template":"template-product.php","meta":[],"acf":[],"aioseo_notices":[],"_links":{"self":[{"href":"https:\/\/www.daliform.com\/de\/wp-json\/wp\/v2\/pages\/48978"}],"collection":[{"href":"https:\/\/www.daliform.com\/de\/wp-json\/wp\/v2\/pages"}],"about":[{"href":"https:\/\/www.daliform.com\/de\/wp-json\/wp\/v2\/types\/page"}],"author":[{"embeddable":true,"href":"https:\/\/www.daliform.com\/de\/wp-json\/wp\/v2\/users\/1"}],"replies":[{"embeddable":true,"href":"https:\/\/www.daliform.com\/de\/wp-json\/wp\/v2\/comments?post=48978"}],"version-history":[{"count":1,"href":"https:\/\/www.daliform.com\/de\/wp-json\/wp\/v2\/pages\/48978\/revisions"}],"predecessor-version":[{"id":112922,"href":"https:\/\/www.daliform.com\/de\/wp-json\/wp\/v2\/pages\/48978\/revisions\/112922"}],"wp:featuredmedia":[{"embeddable":true,"href":"https:\/\/www.daliform.com\/de\/wp-json\/wp\/v2\/media\/37610"}],"wp:attachment":[{"href":"https:\/\/www.daliform.com\/de\/wp-json\/wp\/v2\/media?parent=48978"}],"curies":[{"name":"wp","href":"https:\/\/api.w.org\/{rel}","templated":true}]}}