{"id":48611,"date":"2020-10-23T11:07:59","date_gmt":"2020-10-23T09:07:59","guid":{"rendered":"https:\/\/www.daliform.com\/iglu-smart\/"},"modified":"2024-07-31T14:40:48","modified_gmt":"2024-07-31T12:40:48","slug":"iglu-smart-beluftungshohlraume","status":"publish","type":"page","link":"https:\/\/www.daliform.com\/de\/iglu-smart-beluftungshohlraume\/","title":{"rendered":"Iglu&#8217;\u00ae Smart"},"content":{"rendered":"<p>[vc_row][vc_column width=&#8220;1\/4&#8243;][vc_single_image image=&#8220;36748&#8243; img_size=&#8220;large&#8220;][\/vc_column][vc_column width=&#8220;3\/4&#8243;][vc_column_text]<\/p>\n<h5><strong>Igl\u00f9\u00ae Smart ist die innovative Einwegschalung aus recyceltem Kunststoff, die sowohl horizontal als auch vertikal im Grundriss verstellbar ist und die Schaffung von Hohlr\u00e4umen (bel\u00fcftete Kriechr\u00e4ume) mit noch gr\u00f6\u00dferer Flexibilit\u00e4t als herk\u00f6mmliche Schalungen erm\u00f6glicht. <\/strong><\/h5>\n<p>Mit <strong>Iglu\u2019\u00ae Smart<\/strong> k\u00f6nnen Sie dank der einzigartigen und innovativen Bauweise und des speziellen Verriegelungssystems mit horizontal als auch vertikal einstellbaren Kerben die Planabmessungen der Schalung einfach in zwei Richtungen anpassen: horizontal und vertikal.[\/vc_column_text][\/vc_column][vc_column][vc_empty_space height=&#8220;20px&#8220;][vc_column_text]Die Verwendung von <strong>Iglu\u2019\u00ae Smart<\/strong> <strong> erm\u00f6glicht es zum Beispiel, zus\u00e4tzlich zu den unten angegebenen Abmessungen 50 x 50 cm &#8211; 52,5 x 52,5 cm, &#8211; 55 x 55 cm, auch nicht standardm\u00e4\u00dfige Abmessungen wie 55 x 52,5 cm, 52,5 x 50 cm, 50 x 55 cm, 50 x 52,5 cm zu erhalten, indem einfach die Position der \u00dcberlappung zwischen den Schalungen eingestellt wird, d.h. indem die Schalung mit Hilfe der voreingestellten Kerben verschoben wird.<\/strong><\/p>\n<p><strong>Iglu\u2019\u00ae Smart<\/strong> ist ideal f\u00fcr die Abdeckung gro\u00dfer Fl\u00e4chen in wesentlich k\u00fcrzerer Zeit als bei normalen Schalungen, ohne den Einsatz von zus\u00e4tzlichem Zubeh\u00f6r wie z.B. Verl\u00e4ngerungssystemen.[\/vc_column_text][\/vc_column][\/vc_row]<\/p>\n","protected":false},"excerpt":{"rendered":"<p>Iglu\u2019\u00ae Smart ist die innovative Einwegschalung, die im Grundriss sowohl in horizontaler als auch in vertikaler Richtung verstellbar ist, wodurch bel\u00fcftete Hohlr\u00e4ume<\/p>\n","protected":false},"author":1,"featured_media":36758,"parent":0,"menu_order":16,"comment_status":"closed","ping_status":"closed","template":"template-product.php","meta":[],"acf":[],"aioseo_notices":[],"_links":{"self":[{"href":"https:\/\/www.daliform.com\/de\/wp-json\/wp\/v2\/pages\/48611"}],"collection":[{"href":"https:\/\/www.daliform.com\/de\/wp-json\/wp\/v2\/pages"}],"about":[{"href":"https:\/\/www.daliform.com\/de\/wp-json\/wp\/v2\/types\/page"}],"author":[{"embeddable":true,"href":"https:\/\/www.daliform.com\/de\/wp-json\/wp\/v2\/users\/1"}],"replies":[{"embeddable":true,"href":"https:\/\/www.daliform.com\/de\/wp-json\/wp\/v2\/comments?post=48611"}],"version-history":[{"count":1,"href":"https:\/\/www.daliform.com\/de\/wp-json\/wp\/v2\/pages\/48611\/revisions"}],"predecessor-version":[{"id":112921,"href":"https:\/\/www.daliform.com\/de\/wp-json\/wp\/v2\/pages\/48611\/revisions\/112921"}],"wp:featuredmedia":[{"embeddable":true,"href":"https:\/\/www.daliform.com\/de\/wp-json\/wp\/v2\/media\/36758"}],"wp:attachment":[{"href":"https:\/\/www.daliform.com\/de\/wp-json\/wp\/v2\/media?parent=48611"}],"curies":[{"name":"wp","href":"https:\/\/api.w.org\/{rel}","templated":true}]}}