{"id":44816,"date":"2016-03-07T10:57:30","date_gmt":"2016-03-07T09:57:30","guid":{"rendered":"https:\/\/www.daliform.com\/iglu\/anwendungen-iglu\/schalldaemmung\/"},"modified":"2022-03-02T09:43:07","modified_gmt":"2022-03-02T08:43:07","slug":"iglu-schalldammung","status":"publish","type":"page","link":"https:\/\/www.daliform.com\/de\/iglu-beluftungshohlraume\/iglu-anwendungen\/iglu-schalldammung\/","title":{"rendered":"Schalld\u00e4mmung"},"content":{"rendered":"<p>[vc_row padding_top=&#8220;0&#8243; padding_bottom=&#8220;0&#8243;][vc_column]\n\t<div class=\"custom-heading wpb_content_element  heading-medium\">\n\t\t<h2 class=\"heading-title\" >Mit Hilfe von Igl\u00f9\u00ae wird der Mechanismus der Schallkontrolle umgesetzt, die das Niveau des Komforts in den Wohngeb\u00e4uden steigert.<\/h2>\n\t\t<span class=\"heading-line primary\"><\/span>\n\t<\/div>[\/vc_column][\/vc_row][vc_row][vc_column width=&#8220;1\/2&#8243;][vc_single_image image=&#8220;35317&#8243; img_size=&#8220;full&#8220;][\/vc_column][vc_column width=&#8220;1\/2&#8243;][vc_column_text css=&#8220;.vc_custom_1464359033054{margin-bottom: 35px !important;}&#8220;]<\/p>\n<p style=\"text-align: justify;\">Mit Hilfe von<strong> Igl\u00f9<sup><sub>\u00ae<\/sub><\/sup> H. 4-8-12<\/strong> cm zwischen Estrich und Deckenstruktur wird der Mechanismus der Schallkontrolle umgesetzt, die das Niveau des Komforts in den Wohngeb\u00e4uden steigert, hinzu kommt noch der Vorteil, dass man im entstehenden Zwischenraum, Kabel und Rohrleitungen durchziehen kann und zus\u00e4tzlich eine leichtere L\u00f6sung des klassischen Estrichs erh\u00e4lt. In Verbindung mit den schalld\u00e4mmenden Paketen tr\u00e4gt Igl\u00f9<sup><sub>\u00ae<\/sub><\/sup> auch zum Erreichen der von der Norm festgelegten Werte der L\u00e4rmbel\u00e4stigung bei.<\/p>\n<p style=\"text-align: justify;\">Das Rahmengesetz zur L\u00e4rmbelastung Nr. 447 vom 26.10.1995 stabilisiert die grundlegenden Prinzipien zum Schutz der Umwelt und der Wohngeb\u00e4ude.<\/p>\n<p>[\/vc_column_text][\/vc_column][vc_column][vc_empty_space][vc_column_text]<\/p>\n<p style=\"text-align: justify;\">Dies wird mit horizontalen Strukturen mit angepasster Masse umgesetzt und zwischen Decke und Estrich werden Materialschichten zwischengezogen, die zur Schwingungsd\u00e4mpfung des K\u00f6rperschalls dienen. Je nach Bestimmungszweck des Geb\u00e4udes, legt das Gesetz unterschiedliche Parameter der Schalld\u00e4mmung fest.<\/p>\n<p><span lang=\"de\">Das Rahmengesetz \u00fcber die L\u00e4rmbelastung Nr. 447 vom 26.10.95 legt die Grundprinzipien f\u00fcr den Schutz der \u00e4u\u00dferen Umwelt und des Lebensumfelds vor L\u00e4rmbel\u00e4stigung fest.<\/span>[\/vc_column_text][\/vc_column][\/vc_row][vc_row][vc_column][vc_separator][vc_column_text css=&#8220;.vc_custom_1592297006811{margin-bottom: 15px !important;}&#8220;]<strong>EMPFOHLENE PRODUKTE:<\/strong>[\/vc_column_text][vc_empty_space height=&#8220;10px&#8220;][\/vc_column][vc_column][vc_masonry_grid post_type=&#8220;ids&#8220; element_width=&#8220;3&#8243; grid_id=&#8220;vc_gid:1627394260378-22dc8f36-66bd-0&#8243; include=&#8220;1034&#8243; el_class=&#8220;text-size-p&#8220;][\/vc_column][\/vc_row]<\/p>\n","protected":false},"excerpt":{"rendered":"<p>In Verbindung mit den schalld\u00e4mmenden Paketen tr\u00e4gt Igl\u00f9\u00ae auch zum Erreichen der von der Norm festgelegten Werte der L\u00e4rmbel\u00e4stigung bei.<\/p>\n","protected":false},"author":1,"featured_media":57924,"parent":42557,"menu_order":4,"comment_status":"closed","ping_status":"closed","template":"","meta":[],"acf":[],"aioseo_notices":[],"_links":{"self":[{"href":"https:\/\/www.daliform.com\/de\/wp-json\/wp\/v2\/pages\/44816"}],"collection":[{"href":"https:\/\/www.daliform.com\/de\/wp-json\/wp\/v2\/pages"}],"about":[{"href":"https:\/\/www.daliform.com\/de\/wp-json\/wp\/v2\/types\/page"}],"author":[{"embeddable":true,"href":"https:\/\/www.daliform.com\/de\/wp-json\/wp\/v2\/users\/1"}],"replies":[{"embeddable":true,"href":"https:\/\/www.daliform.com\/de\/wp-json\/wp\/v2\/comments?post=44816"}],"version-history":[{"count":0,"href":"https:\/\/www.daliform.com\/de\/wp-json\/wp\/v2\/pages\/44816\/revisions"}],"up":[{"embeddable":true,"href":"https:\/\/www.daliform.com\/de\/wp-json\/wp\/v2\/pages\/42557"}],"wp:featuredmedia":[{"embeddable":true,"href":"https:\/\/www.daliform.com\/de\/wp-json\/wp\/v2\/media\/57924"}],"wp:attachment":[{"href":"https:\/\/www.daliform.com\/de\/wp-json\/wp\/v2\/media?parent=44816"}],"curies":[{"name":"wp","href":"https:\/\/api.w.org\/{rel}","templated":true}]}}