{"id":44184,"date":"2016-03-07T10:35:44","date_gmt":"2016-03-07T09:35:44","guid":{"rendered":"https:\/\/www.daliform.com\/iglu\/anwendungen-iglu\/belueftete-schraeg-und-flachdaecher\/"},"modified":"2022-03-02T09:39:24","modified_gmt":"2022-03-02T08:39:24","slug":"beluftete-schrag-und-flachdacher","status":"publish","type":"page","link":"https:\/\/www.daliform.com\/de\/iglu-beluftungshohlraume\/iglu-anwendungen\/beluftete-schrag-und-flachdacher\/","title":{"rendered":"Bel\u00fcftete Schr\u00e4g und Flachd\u00e4cher"},"content":{"rendered":"<p>[vc_row padding_top=&#8220;0&#8243; padding_bottom=&#8220;0&#8243;][vc_column]\n\t<div class=\"custom-heading wpb_content_element  heading-medium\">\n\t\t<h2 class=\"heading-title\" >Die Herstellung eines bel\u00fcfteten Dachs mit Iglu\u2019\u00ae ventilated roof gew\u00e4hrleistet sowohl im Winter als auch im Sommer h\u00f6heren Wohnkomfort<\/h2>\n\t\t<span class=\"heading-line primary\"><\/span>\n\t<\/div>[\/vc_column][\/vc_row][vc_row][vc_column width=&#8220;1\/2&#8243;][vc_single_image image=&#8220;44150&#8243; img_size=&#8220;large&#8220;][\/vc_column][vc_column width=&#8220;1\/2&#8243;][vc_column_text]In jedem Geb\u00e4ude ist das Dach ein sehr wichtiger Geb\u00e4udeteil, das wirksam vor Umweltfaktoren, wie Temperaturschwankungen und schlechtem Wetter sch\u00fctzen muss.<br \/>\nDer Einsatz von Iglu\u2019\u00ae ventilated roof in Wohn-, Gesch\u00e4fts-, Industrie- und \u00f6ffentlichen Geb\u00e4uden ist unumg\u00e4nglich f\u00fcr:<br \/>\n&#8211;<strong> behagliche Unterdachungen<\/strong> mit geeigneten thermischen und hygrometrischen Merkmalen: die Schaffung eines Bel\u00fcftungshohlraums mit gleichm\u00e4\u00dfiger St\u00e4rke ist eine ausgezeichnete konstruktive L\u00f6sung, die sich f\u00fcr jedes Schr\u00e4gdach aus Stahlbeton eignet.<br \/>\n&#8211; <strong>Als Terrassen angelegte Flachd\u00e4cher,<\/strong> damit die Fl\u00e4che des bebauten Raums voll genutzt wird.[\/vc_column_text][\/vc_column][vc_column][vc_column_text]<strong>VORTEILE:<br \/>\n<\/strong>\u2022 ZUM SCHUTZ VOR DER AUSSENK\u00c4LTE SCHLIESST MAN IN DEN WINTERMONATEN DIE BEL\u00dcFTUNG MIT EINEM EINFACHEN SCHIEBER.<br \/>\n\u2022 IN DEN SOMMERMONATEN SENKT MAN DIE W\u00c4RMEZUFUHR IN DEN DARUNTER BEFINDLICHEN R\u00c4UMEN.<br \/>\n\u2022 DIE BEL\u00dcFTUNG VERHINDERT ZUS\u00c4TZLICH EINEN FEUCHTIGKEITSR\u00dcCKSTAU UNTER DER ABDECKUNG UND BEUGT DAMIT DER SCHIMMELBILDUNG ODER ANDEREM, DAS ZU EINER SCH\u00c4DIGUNG DER STRUKTUR F\u00dcHREN K\u00d6NNTE, VOR.<br \/>\n\u2022 ERHEBLICHE SENKUNG DES ENERGIEVERBRAUCHS (HEIZUNG\/K\u00dcHLUNG).[\/vc_column_text][vc_column_text]<\/p>\n<p class=\"p1\"><strong>Wenn man die Schalungen Igl\u00f9\u2019<sup>\u00ae<\/sup> ventilated roof auf der horizontale Abdeckung positioniert, formt man einen Luftzwischenraum, der im Sommer eine W\u00e4rmeisolierung und im Winter eine K\u00e4lteisolierung erm\u00f6glicht, damit erzielt man eine Einsparung bei der Klimatisierung der Innenr\u00e4ume.<\/strong><\/p>\n<p class=\"p1\">F\u00fcr die W\u00e4rmespeicherung im Sommer und die niedrigen Temperaturen im Winter, die zu Kondens- und Schimmelbildung f\u00fchren, kann man mit einem bel\u00fcfteten Dach, hergestellt mit Iglu\u2019<sup>\u00ae <\/sup>ventilated roof, wirksam l\u00f6sen, das System sorgt f\u00fcr eine kontinuierliche Bel\u00fcftung im Unterdach.<br \/>\n<strong><span class=\"s1\">Die Herstellung eines bel\u00fcfteten Dachs (flach oder schr\u00e4g) mit Iglu\u2019<sup>\u00ae <\/sup>ventilated roof gew\u00e4hrleistet sowohl im Winter als auch im Sommer h\u00f6heren Wohnkomfort und verbessert au\u00dferdem die Haltbarkeit des Materials , aus dem das Dach besteht.<\/span><\/strong><\/p>\n<p>[\/vc_column_text][\/vc_column][\/vc_row][vc_row][vc_column][vc_separator][vc_column_text css=&#8220;.vc_custom_1592297006811{margin-bottom: 15px !important;}&#8220;]<strong>EMPFOHLENE PRODUKTE:<\/strong>[\/vc_column_text][vc_empty_space height=&#8220;10px&#8220;][\/vc_column][vc_column][vc_masonry_grid post_type=&#8220;ids&#8220; element_width=&#8220;3&#8243; grid_id=&#8220;vc_gid:1627391613477-e9d16684-6942-0&#8243; include=&#8220;1034&#8243; el_class=&#8220;text-size-p&#8220;][\/vc_column][\/vc_row]<\/p>\n","protected":false},"excerpt":{"rendered":"<p>IGLU&#8217;\u00ae ventilated roof das System sorgt f\u00fcr eine kontinuierliche Bel\u00fcftung im Unterdach das erlaubt, D\u00e4chern und W\u00e4nden im Winter zu k\u00fchlen und im Sommer zu w\u00e4rmen.<\/p>\n","protected":false},"author":1,"featured_media":57901,"parent":42557,"menu_order":2,"comment_status":"closed","ping_status":"closed","template":"","meta":[],"acf":[],"aioseo_notices":[],"_links":{"self":[{"href":"https:\/\/www.daliform.com\/de\/wp-json\/wp\/v2\/pages\/44184"}],"collection":[{"href":"https:\/\/www.daliform.com\/de\/wp-json\/wp\/v2\/pages"}],"about":[{"href":"https:\/\/www.daliform.com\/de\/wp-json\/wp\/v2\/types\/page"}],"author":[{"embeddable":true,"href":"https:\/\/www.daliform.com\/de\/wp-json\/wp\/v2\/users\/1"}],"replies":[{"embeddable":true,"href":"https:\/\/www.daliform.com\/de\/wp-json\/wp\/v2\/comments?post=44184"}],"version-history":[{"count":0,"href":"https:\/\/www.daliform.com\/de\/wp-json\/wp\/v2\/pages\/44184\/revisions"}],"up":[{"embeddable":true,"href":"https:\/\/www.daliform.com\/de\/wp-json\/wp\/v2\/pages\/42557"}],"wp:featuredmedia":[{"embeddable":true,"href":"https:\/\/www.daliform.com\/de\/wp-json\/wp\/v2\/media\/57901"}],"wp:attachment":[{"href":"https:\/\/www.daliform.com\/de\/wp-json\/wp\/v2\/media?parent=44184"}],"curies":[{"name":"wp","href":"https:\/\/api.w.org\/{rel}","templated":true}]}}