{"id":43599,"date":"2016-03-04T14:03:48","date_gmt":"2016-03-04T13:03:48","guid":{"rendered":"https:\/\/www.daliform.com\/iglu\/anwendungen-iglu\/kuehlzellen\/"},"modified":"2022-03-02T09:35:39","modified_gmt":"2022-03-02T08:35:39","slug":"kuhlzellen","status":"publish","type":"page","link":"https:\/\/www.daliform.com\/de\/iglu-beluftungshohlraume\/iglu-anwendungen\/kuhlzellen\/","title":{"rendered":"K\u00fchlzellen"},"content":{"rendered":"<p>[vc_row padding_top=&#8220;0&#8243; padding_bottom=&#8220;0&#8243;][vc_column]\n\t<div class=\"custom-heading wpb_content_element  heading-medium\">\n\t\t<h2 class=\"heading-title\" >Iglu'\u00ae schafft einen bel\u00fcfteten Hohlraum unter dem Boden von K\u00fchlr\u00e4umen, um Verformungen und Risse zu vermeiden.<\/h2>\n\t\t<span class=\"heading-line primary\"><\/span>\n\t<\/div>[\/vc_column][\/vc_row][vc_row][vc_column width=&#8220;1\/2&#8243;][vc_single_image image=&#8220;35110&#8243; img_size=&#8220;full&#8220; alignment=&#8220;center&#8220; css=&#8220;.vc_custom_1627391311377{margin-left: -20px !important;}&#8220;][vc_column_text]<\/p>\n<p class=\"p1\"><span class=\"s1\"><b>VORTEILE:<\/b><\/span><\/p>\n<p class=\"p1\"><span class=\"s1\">\u2022 VERHINDERT DIE VERFORMUNG UND DAS ANHEBEN DES BODENS<br \/>\n<\/span><span class=\"s1\">\u2022 HOHE BEST\u00c4NDIGKEIT F\u00dcR VERTEILTE UND KONZENTRIERTE LASTEN<br \/>\n<\/span><span class=\"s1\">\u2022 EFFEKTIVE BEL\u00dcFTUNG IN ALLEN RICHTUNGEN<br \/>\n<\/span><span class=\"s1\">\u2022 BESEITIGUNG DER GEFRIERLUFT<br \/>\n<\/span><span class=\"s1\">\u2022 EINFACHE POSITIONIERUNG<br \/>\n<\/span><span class=\"s1\">\u2022 MAXIMALER FREIER TRANSIT F\u00dcR DAS UNTERGRUND-SYSTEM IN ALLE RICHTUNGEN<br \/>\n<\/span><span class=\"s1\">\u2022 KEIN KONTAKT ZWISCHEN BETON UND BODEN<\/span><\/p>\n<p>[\/vc_column_text][\/vc_column][vc_column width=&#8220;1\/2&#8243;][vc_column_text]<span lang=\"de\">Ein mit Iglu\u00ae konstruierter <strong>Unterbodenhohlraum<\/strong> ist das ideale System f\u00fcr eine effektivere Bel\u00fcftung unter dem Boden, da mit Iglu\u00ae ein einziger offener Raum geschaffen werden kann und die Luft in alle Richtungen zirkulieren kann. Dies verhindert das Einsetzen von Frost.<\/span><\/p>\n<p><span lang=\"de\">Iglu\u00ae ist die sicherste und wirtschaftlichste konstruktive L\u00f6sung f\u00fcr die Installation bel\u00fcfteter Hohlr\u00e4ume in positiven und negativen K\u00fchlr\u00e4umen. Es garantiert, dass die Temperatur des Hohlraums \u00fcber Null bleibt, indem die im Substrat vorhandene Feuchtigkeit entfernt wird. Dies verhindert das Einfrieren und Verformen der Fundamentsedimente (der mageren Beton \/ Boden-Baugruppe), wodurch die Liegefl\u00e4che nach oben gedr\u00fcckt wird und der Boden rei\u00dft (ein Prozess, der als Frosthub bezeichnet wird).<\/span>[\/vc_column_text][vc_column_text]<span lang=\"de\">Die Verwendung von Iglu\u00ae f\u00fcr den Bau von Industrieb\u00f6den f\u00fcr K\u00fchlr\u00e4ume wurde in der LGPCF 2014 (Richtlinien f\u00fcr Industrieb\u00f6den in K\u00fchlr\u00e4umen) von ENCOPER (Nationaler Verband der Hersteller von Bodenbel\u00e4gen und Verkleidungen) festgelegt. Der Text legt die grundlegenden Anforderungen fest, die f\u00fcr die Haltbarkeit aller Stahlbetonplatten f\u00fcr den industriellen Einsatz in K\u00fchlr\u00e4umen erforderlich sind. Insbesondere werden die grundlegenden Anforderungen an die mechanische Best\u00e4ndigkeit und Stabilit\u00e4t angesprochen, f\u00fcr die die allgemeinere Norm UNI 11146 keine Bestimmungen enth\u00e4lt.<\/span>[\/vc_column_text][\/vc_column][\/vc_row][vc_row][vc_column][vc_separator][vc_column_text css=&#8220;.vc_custom_1592297006811{margin-bottom: 15px !important;}&#8220;]<strong>EMPFOHLENE PRODUKTE:<\/strong>[\/vc_column_text][vc_empty_space height=&#8220;10px&#8220;][\/vc_column][vc_column][vc_masonry_grid post_type=&#8220;ids&#8220; element_width=&#8220;3&#8243; grid_id=&#8220;vc_gid:1627390802089-3cc89707-08bd-4&#8243; include=&#8220;1034&#8243; el_class=&#8220;text-size-p&#8220;][\/vc_column][\/vc_row]<\/p>\n","protected":false},"excerpt":{"rendered":"<p>Um Bereiche zur Kontrolle der Feuchtigkeit und Temperatur (K\u00fchlzellen, Lebensmittellager, Keller, Trockenr\u00e4ume) zu schaffen.<\/p>\n","protected":false},"author":1,"featured_media":57890,"parent":42557,"menu_order":1,"comment_status":"closed","ping_status":"closed","template":"","meta":[],"acf":[],"aioseo_notices":[],"_links":{"self":[{"href":"https:\/\/www.daliform.com\/de\/wp-json\/wp\/v2\/pages\/43599"}],"collection":[{"href":"https:\/\/www.daliform.com\/de\/wp-json\/wp\/v2\/pages"}],"about":[{"href":"https:\/\/www.daliform.com\/de\/wp-json\/wp\/v2\/types\/page"}],"author":[{"embeddable":true,"href":"https:\/\/www.daliform.com\/de\/wp-json\/wp\/v2\/users\/1"}],"replies":[{"embeddable":true,"href":"https:\/\/www.daliform.com\/de\/wp-json\/wp\/v2\/comments?post=43599"}],"version-history":[{"count":0,"href":"https:\/\/www.daliform.com\/de\/wp-json\/wp\/v2\/pages\/43599\/revisions"}],"up":[{"embeddable":true,"href":"https:\/\/www.daliform.com\/de\/wp-json\/wp\/v2\/pages\/42557"}],"wp:featuredmedia":[{"embeddable":true,"href":"https:\/\/www.daliform.com\/de\/wp-json\/wp\/v2\/media\/57890"}],"wp:attachment":[{"href":"https:\/\/www.daliform.com\/de\/wp-json\/wp\/v2\/media?parent=43599"}],"curies":[{"name":"wp","href":"https:\/\/api.w.org\/{rel}","templated":true}]}}