{"id":42983,"date":"2016-04-13T08:57:09","date_gmt":"2016-04-13T06:57:09","guid":{"rendered":"https:\/\/www.daliform.com\/iglu\/anwendungen-iglu\/belueftungshohlraeume\/"},"modified":"2022-03-02T09:30:51","modified_gmt":"2022-03-02T08:30:51","slug":"beluftungshohlraume-anwendung","status":"publish","type":"page","link":"https:\/\/www.daliform.com\/de\/iglu-beluftungshohlraume\/iglu-anwendungen\/beluftungshohlraume-anwendung\/","title":{"rendered":"Bel\u00fcftungshohlr\u00e4ume"},"content":{"rendered":"<p>[vc_row padding_top=&#8220;0&#8243; padding_bottom=&#8220;0&#8243;][vc_column]\n\t<div class=\"custom-heading wpb_content_element  heading-medium\">\n\t\t<h2 class=\"heading-title\" >Der bel\u00fcftete Kriechraum ist die ideale L\u00f6sung, um das Problem der aufsteigenden Feuchtigkeit zu beseitigen und das Haus vor dem gef\u00e4hrlichen Radongas zu sch\u00fctzen.<\/h2>\n\t\t<span class=\"heading-line primary\"><\/span>\n\t<\/div>[\/vc_column][\/vc_row][vc_row][vc_column width=&#8220;1\/2&#8243;][vc_single_image image=&#8220;43030&#8243; img_size=&#8220;large&#8220;][\/vc_column][vc_column width=&#8220;1\/2&#8243;][vc_column_text]<\/p>\n<p class=\"p1\">Der mit Igl\u00f9<sup>\u00ae<\/sup> gebildete <strong>Bel\u00fcftungshohlraum<\/strong> ist ein wirksame, schnelle und kosteng\u00fcnstige Abhilfe, die die Dispersion des gef\u00e4hrliche Radons und der Feuchtigkeit zum vollen Vorteil unserer Gesundheit in die Atmosph\u00e4re erm\u00f6glicht.<br \/>\nDer <strong>von Igl\u00f9<sup>\u00ae<\/sup> gebildete Luftzwischenraum<\/strong> muss mit einfachen Rohren ins Freie f\u00fchren. So entsteht ein nat\u00fcrlicher Luftstrom, der den Zwischenraum durchquert und Feuchtigkeit und Radon beseitigt (falls vorhanden).<\/p>\n<p>[\/vc_column_text][vc_column_text]<strong>VORTEILE:<br \/>\n<\/strong>\u2022 BESEITIGUNG VON RADONGAS<br \/>\n\u2022 WIRKSAME BEL\u00dcFTUNG IN ALLE RICHTUNGEN<br \/>\n\u2022 ERRICHTUNG EINER DAMPFBARRIERE<br \/>\n\u2022 ABTEILUNGSERSTELLUNG F\u00dcR DIE DURCHF\u00dcHRUNG DER SYSTEME[\/vc_column_text][\/vc_column][\/vc_row][vc_row][vc_column][vc_separator][vc_column_text css=&#8220;.vc_custom_1592297006811{margin-bottom: 15px !important;}&#8220;]<strong>EMPFOHLENE PRODUKTE:<\/strong>[\/vc_column_text][vc_empty_space height=&#8220;10px&#8220;][\/vc_column][vc_column][vc_masonry_grid post_type=&#8220;ids&#8220; element_width=&#8220;3&#8243; grid_id=&#8220;vc_gid:1599569219211-cd808f1d-d549-7&#8243; include=&#8220;1034, 4579&#8243; el_class=&#8220;text-size-p&#8220;][\/vc_column][\/vc_row]<\/p>\n","protected":false},"excerpt":{"rendered":"<p>Einwegschalungen f\u00fcr Bel\u00fcftungshohlr\u00e4ume, bel\u00fcfteten Zwischenr\u00e4umen, Bel\u00fcftungshohlr\u00e4umen, bel\u00fcfteten Fu\u00dfb\u00f6den und D\u00e4chern geschaffen.<\/p>\n","protected":false},"author":1,"featured_media":57879,"parent":42557,"menu_order":0,"comment_status":"closed","ping_status":"closed","template":"","meta":[],"acf":[],"aioseo_notices":[],"_links":{"self":[{"href":"https:\/\/www.daliform.com\/de\/wp-json\/wp\/v2\/pages\/42983"}],"collection":[{"href":"https:\/\/www.daliform.com\/de\/wp-json\/wp\/v2\/pages"}],"about":[{"href":"https:\/\/www.daliform.com\/de\/wp-json\/wp\/v2\/types\/page"}],"author":[{"embeddable":true,"href":"https:\/\/www.daliform.com\/de\/wp-json\/wp\/v2\/users\/1"}],"replies":[{"embeddable":true,"href":"https:\/\/www.daliform.com\/de\/wp-json\/wp\/v2\/comments?post=42983"}],"version-history":[{"count":0,"href":"https:\/\/www.daliform.com\/de\/wp-json\/wp\/v2\/pages\/42983\/revisions"}],"up":[{"embeddable":true,"href":"https:\/\/www.daliform.com\/de\/wp-json\/wp\/v2\/pages\/42557"}],"wp:featuredmedia":[{"embeddable":true,"href":"https:\/\/www.daliform.com\/de\/wp-json\/wp\/v2\/media\/57879"}],"wp:attachment":[{"href":"https:\/\/www.daliform.com\/de\/wp-json\/wp\/v2\/media?parent=42983"}],"curies":[{"name":"wp","href":"https:\/\/api.w.org\/{rel}","templated":true}]}}