{"id":39305,"date":"2016-02-17T15:29:13","date_gmt":"2016-02-17T14:29:13","guid":{"rendered":"https:\/\/www.daliform.com\/iglu\/"},"modified":"2024-07-31T14:34:34","modified_gmt":"2024-07-31T12:34:34","slug":"iglu-beluftungshohlraume","status":"publish","type":"page","link":"https:\/\/www.daliform.com\/de\/iglu-beluftungshohlraume\/","title":{"rendered":"Iglu&#8217;\u00ae"},"content":{"rendered":"<p>[vc_row][vc_column width=&#8220;1\/4&#8243;][vc_single_image image=&#8220;35074&#8243; img_size=&#8220;large&#8220;][\/vc_column][vc_column width=&#8220;3\/4&#8243;][vc_column_text]<\/p>\n<h5><strong>Iglu&#8216;<sup><sub>\u00ae <\/sub><\/sup><\/strong><strong>ist das marktf\u00fchrende Produkt<\/strong>, das zum Herstellen von <strong>Hohlr\u00e4umen, bel\u00fcfteten Zwischenr\u00e4umen, Bel\u00fcftungshohlr\u00e4umen, bel\u00fcfteten Fu\u00dfb\u00f6den und D\u00e4chern geschaffen<\/strong> und patentiert wurde und das bei der Konstruktion und Neustrukturierung privater und industrieller Geb\u00e4ude zum Einsatz kommt.<\/h5>\n<p>Das Ergebnis einer genialen Intuition, die auf das Jahr 1993 zur\u00fcckgeht, hat die Konstruktionsweise tiefgreifend verbessert. Die <strong>innovative Tragweite Iglu&#8216;<sup><strong>\u00ae<\/strong><\/sup> war derartig<\/strong>, dass sie zu zahlreichen Erfolgen und Anerkennungen sowohl national als auch als international gef\u00fchrt und das <strong>Produkt als hervorragend in der Bauwelt<\/strong> best\u00e4tigt hat.<\/p>\n<p>Eine Schalung aus <strong>recyceltem Kunststoff<\/strong> f\u00fcr nachhaltiges Bauen, f\u00fcr umweltfreundliche L\u00f6sungen.[\/vc_column_text][\/vc_column][vc_column][vc_empty_space height=&#8220;20px&#8220;][vc_column_text]<strong>Die modularen Schalungen aus Kunststoff Iglu&#8216;<sub><sup>\u00ae<\/sup><\/sub><\/strong> die in einer festgelegten Richtung aneinander gestellt werden, gestatten die schnelle Bildung einer begehbaren, selbsttragenden Plattform, auf die \u00e4u\u00dferst einfach und wirtschaftlich Beton gesch\u00fcttet wird. Es entsteht eine <strong>bel\u00fcftete Decke<\/strong>, die auf Pfeilern aufliegt, <strong>darunter befindet sich ein Bereich, der zum Durchf\u00fchren der Anlagen genutzt werden kann, aber vor allem ist er bel\u00fcftet und wirkt der aufsteigenden Feuchtigkeit und radioaktivem Gas entgegen.<\/strong>[\/vc_column_text][\/vc_column][\/vc_row]<\/p>\n","protected":false},"excerpt":{"rendered":"<p>Einwegschalungen f\u00fcr Bel\u00fcftungshohlr\u00e4ume, bel\u00fcfteten Zwischenr\u00e4umen, Bel\u00fcftungshohlr\u00e4umen, bel\u00fcfteten Fu\u00dfb\u00f6den und D\u00e4chern geschaffen.<\/p>\n","protected":false},"author":1,"featured_media":35061,"parent":0,"menu_order":15,"comment_status":"closed","ping_status":"closed","template":"template-product.php","meta":[],"acf":[],"aioseo_notices":[],"_links":{"self":[{"href":"https:\/\/www.daliform.com\/de\/wp-json\/wp\/v2\/pages\/39305"}],"collection":[{"href":"https:\/\/www.daliform.com\/de\/wp-json\/wp\/v2\/pages"}],"about":[{"href":"https:\/\/www.daliform.com\/de\/wp-json\/wp\/v2\/types\/page"}],"author":[{"embeddable":true,"href":"https:\/\/www.daliform.com\/de\/wp-json\/wp\/v2\/users\/1"}],"replies":[{"embeddable":true,"href":"https:\/\/www.daliform.com\/de\/wp-json\/wp\/v2\/comments?post=39305"}],"version-history":[{"count":1,"href":"https:\/\/www.daliform.com\/de\/wp-json\/wp\/v2\/pages\/39305\/revisions"}],"predecessor-version":[{"id":112920,"href":"https:\/\/www.daliform.com\/de\/wp-json\/wp\/v2\/pages\/39305\/revisions\/112920"}],"wp:featuredmedia":[{"embeddable":true,"href":"https:\/\/www.daliform.com\/de\/wp-json\/wp\/v2\/media\/35061"}],"wp:attachment":[{"href":"https:\/\/www.daliform.com\/de\/wp-json\/wp\/v2\/media?parent=39305"}],"curies":[{"name":"wp","href":"https:\/\/api.w.org\/{rel}","templated":true}]}}