{"id":35928,"date":"2016-05-30T09:30:01","date_gmt":"2016-05-30T07:30:01","guid":{"rendered":"https:\/\/www.daliform.com\/konstruktionsloesungen\/umwelt\/"},"modified":"2021-08-02T16:45:13","modified_gmt":"2021-08-02T14:45:13","slug":"umwelt-daliform-group","status":"publish","type":"page","link":"https:\/\/www.daliform.com\/de\/konstruktionsloesungen\/umwelt-daliform-group\/","title":{"rendered":"UMWELT"},"content":{"rendered":"<p>[vc_row margin_top=&#8220;-20&#8243;][vc_column el_class=&#8220;SolutionGrid&#8220;][vc_masonry_grid post_type=&#8220;ids&#8220; element_width=&#8220;3&#8243; item=&#8220;none&#8220; grid_id=&#8220;vc_gid:1589537348667-453472d5-d35f-2&#8243; include=&#8220;3291&#8243;][\/vc_column][\/vc_row]<\/p>\n","protected":false},"excerpt":{"rendered":"<p>EOLO erm\u00f6glicht die Erstellung eines bel\u00fcfteten Tragbodens, der die Biofiltration und di Bel\u00fcftung in Kompostierungsanlagen garantiert.<\/p>\n","protected":false},"author":1,"featured_media":34418,"parent":34046,"menu_order":7,"comment_status":"closed","ping_status":"closed","template":"","meta":[],"acf":[],"aioseo_notices":[],"_links":{"self":[{"href":"https:\/\/www.daliform.com\/de\/wp-json\/wp\/v2\/pages\/35928"}],"collection":[{"href":"https:\/\/www.daliform.com\/de\/wp-json\/wp\/v2\/pages"}],"about":[{"href":"https:\/\/www.daliform.com\/de\/wp-json\/wp\/v2\/types\/page"}],"author":[{"embeddable":true,"href":"https:\/\/www.daliform.com\/de\/wp-json\/wp\/v2\/users\/1"}],"replies":[{"embeddable":true,"href":"https:\/\/www.daliform.com\/de\/wp-json\/wp\/v2\/comments?post=35928"}],"version-history":[{"count":0,"href":"https:\/\/www.daliform.com\/de\/wp-json\/wp\/v2\/pages\/35928\/revisions"}],"up":[{"embeddable":true,"href":"https:\/\/www.daliform.com\/de\/wp-json\/wp\/v2\/pages\/34046"}],"wp:featuredmedia":[{"embeddable":true,"href":"https:\/\/www.daliform.com\/de\/wp-json\/wp\/v2\/media\/34418"}],"wp:attachment":[{"href":"https:\/\/www.daliform.com\/de\/wp-json\/wp\/v2\/media?parent=35928"}],"curies":[{"name":"wp","href":"https:\/\/api.w.org\/{rel}","templated":true}]}}