{"id":35411,"date":"2016-05-30T09:23:14","date_gmt":"2016-05-30T07:23:14","guid":{"rendered":"https:\/\/www.daliform.com\/konstruktionsloesungen\/gruenflaechen-und-gaerten\/"},"modified":"2022-02-18T08:12:42","modified_gmt":"2022-02-18T07:12:42","slug":"gruenflaechen-und-gaerten","status":"publish","type":"page","link":"https:\/\/www.daliform.com\/de\/konstruktionsloesungen\/gruenflaechen-und-gaerten\/","title":{"rendered":"GR\u00dcNFL\u00c4CHEN UND G\u00c4RTEN"},"content":{"rendered":"<p>[vc_row margin_top=&#8220;-20&#8243;][vc_column el_class=&#8220;SolutionGrid&#8220;][vc_masonry_grid post_type=&#8220;ids&#8220; element_width=&#8220;3&#8243; item=&#8220;none&#8220; grid_id=&#8220;vc_gid:1589537247741-70ed75c5-ba22-1&#8243; include=&#8220;3703, 5291, 3598&#8243;][\/vc_column][\/vc_row]<\/p>\n","protected":false},"excerpt":{"rendered":"<p>Grasoberfl\u00e4che oder einem Kiesbelag. Systeme zur zum Schutz der Wurzeln. Systeme zur H\u00e4ngeg\u00e4rten die nicht die Struktur belasten d\u00fcrfen.<\/p>\n","protected":false},"author":1,"featured_media":34382,"parent":34046,"menu_order":5,"comment_status":"closed","ping_status":"closed","template":"","meta":[],"acf":[],"aioseo_notices":[],"_links":{"self":[{"href":"https:\/\/www.daliform.com\/de\/wp-json\/wp\/v2\/pages\/35411"}],"collection":[{"href":"https:\/\/www.daliform.com\/de\/wp-json\/wp\/v2\/pages"}],"about":[{"href":"https:\/\/www.daliform.com\/de\/wp-json\/wp\/v2\/types\/page"}],"author":[{"embeddable":true,"href":"https:\/\/www.daliform.com\/de\/wp-json\/wp\/v2\/users\/1"}],"replies":[{"embeddable":true,"href":"https:\/\/www.daliform.com\/de\/wp-json\/wp\/v2\/comments?post=35411"}],"version-history":[{"count":0,"href":"https:\/\/www.daliform.com\/de\/wp-json\/wp\/v2\/pages\/35411\/revisions"}],"up":[{"embeddable":true,"href":"https:\/\/www.daliform.com\/de\/wp-json\/wp\/v2\/pages\/34046"}],"wp:featuredmedia":[{"embeddable":true,"href":"https:\/\/www.daliform.com\/de\/wp-json\/wp\/v2\/media\/34382"}],"wp:attachment":[{"href":"https:\/\/www.daliform.com\/de\/wp-json\/wp\/v2\/media?parent=35411"}],"curies":[{"name":"wp","href":"https:\/\/api.w.org\/{rel}","templated":true}]}}