{"id":35213,"date":"2016-05-30T09:16:59","date_gmt":"2016-05-30T07:16:59","guid":{"rendered":"https:\/\/www.daliform.com\/konstruktionsloesungen\/befahrbarer-rasen\/"},"modified":"2021-08-02T15:07:42","modified_gmt":"2021-08-02T13:07:42","slug":"befahrbarer-rasen-daliform-group","status":"publish","type":"page","link":"https:\/\/www.daliform.com\/de\/konstruktionsloesungen\/befahrbarer-rasen-daliform-group\/","title":{"rendered":"BEFAHRBARER RASEN"},"content":{"rendered":"<p>[vc_row margin_top=&#8220;-20&#8243;][vc_column el_class=&#8220;SolutionGrid&#8220;][vc_masonry_grid post_type=&#8220;ids&#8220; element_width=&#8220;3&#8243; item=&#8220;none&#8220; grid_id=&#8220;vc_gid:1605006102156-eb2d10b5-2cae-10&#8243; include=&#8220;4162, 4055, 30669, 3761, 3734&#8243;][\/vc_column][\/vc_row]<\/p>\n","protected":false},"excerpt":{"rendered":"<p>Systeme zur Herstellung von befahrbaren Bodenbel\u00e4gen mit einer Grasoberfl\u00e4che oder einem Kiesbelag. Systeme zum Schutz der bereits vorhandenen Rasenfl\u00e4che.<\/p>\n","protected":false},"author":1,"featured_media":34371,"parent":34046,"menu_order":4,"comment_status":"closed","ping_status":"closed","template":"","meta":[],"acf":[],"aioseo_notices":[],"_links":{"self":[{"href":"https:\/\/www.daliform.com\/de\/wp-json\/wp\/v2\/pages\/35213"}],"collection":[{"href":"https:\/\/www.daliform.com\/de\/wp-json\/wp\/v2\/pages"}],"about":[{"href":"https:\/\/www.daliform.com\/de\/wp-json\/wp\/v2\/types\/page"}],"author":[{"embeddable":true,"href":"https:\/\/www.daliform.com\/de\/wp-json\/wp\/v2\/users\/1"}],"replies":[{"embeddable":true,"href":"https:\/\/www.daliform.com\/de\/wp-json\/wp\/v2\/comments?post=35213"}],"version-history":[{"count":0,"href":"https:\/\/www.daliform.com\/de\/wp-json\/wp\/v2\/pages\/35213\/revisions"}],"up":[{"embeddable":true,"href":"https:\/\/www.daliform.com\/de\/wp-json\/wp\/v2\/pages\/34046"}],"wp:featuredmedia":[{"embeddable":true,"href":"https:\/\/www.daliform.com\/de\/wp-json\/wp\/v2\/media\/34371"}],"wp:attachment":[{"href":"https:\/\/www.daliform.com\/de\/wp-json\/wp\/v2\/media?parent=35213"}],"curies":[{"name":"wp","href":"https:\/\/api.w.org\/{rel}","templated":true}]}}