{"id":34731,"date":"2016-04-06T10:25:12","date_gmt":"2016-04-06T08:25:12","guid":{"rendered":"https:\/\/www.daliform.com\/konstruktionsloesungen\/gebaeude\/"},"modified":"2021-08-02T13:35:16","modified_gmt":"2021-08-02T11:35:16","slug":"gebaude-daliform-group","status":"publish","type":"page","link":"https:\/\/www.daliform.com\/de\/konstruktionsloesungen\/gebaude-daliform-group\/","title":{"rendered":"GEB\u00c4UDE"},"content":{"rendered":"<p>[vc_row margin_top=&#8220;-20&#8243;][vc_column el_class=&#8220;SolutionGrid&#8220;][vc_masonry_grid post_type=&#8220;ids&#8220; element_width=&#8220;3&#8243; item=&#8220;none&#8220; initial_loading_animation=&#8220;fadeIn&#8220; grid_id=&#8220;vc_gid:1605005332874-1c9c7ad6-bf7c-5&#8243; include=&#8220;1034, 30449, 4579, 12037, 1728, 1807, 2784, 1809, 1815, 4241&#8243;][\/vc_column][\/vc_row]<\/p>\n","protected":false},"excerpt":{"rendered":"<p>Ventilierte Hohlr\u00e4ume, Hohlraumisolierung, K\u00fchlzellen, Industriefu\u00dfb\u00f6den, Ventilierte Bodenbel\u00e4ge, Ventilierte D\u00e4cher, befahrbaren Auffahrtsrampen.<\/p>\n","protected":false},"author":1,"featured_media":34350,"parent":34046,"menu_order":0,"comment_status":"closed","ping_status":"closed","template":"","meta":[],"acf":[],"aioseo_notices":[],"_links":{"self":[{"href":"https:\/\/www.daliform.com\/de\/wp-json\/wp\/v2\/pages\/34731"}],"collection":[{"href":"https:\/\/www.daliform.com\/de\/wp-json\/wp\/v2\/pages"}],"about":[{"href":"https:\/\/www.daliform.com\/de\/wp-json\/wp\/v2\/types\/page"}],"author":[{"embeddable":true,"href":"https:\/\/www.daliform.com\/de\/wp-json\/wp\/v2\/users\/1"}],"replies":[{"embeddable":true,"href":"https:\/\/www.daliform.com\/de\/wp-json\/wp\/v2\/comments?post=34731"}],"version-history":[{"count":0,"href":"https:\/\/www.daliform.com\/de\/wp-json\/wp\/v2\/pages\/34731\/revisions"}],"up":[{"embeddable":true,"href":"https:\/\/www.daliform.com\/de\/wp-json\/wp\/v2\/pages\/34046"}],"wp:featuredmedia":[{"embeddable":true,"href":"https:\/\/www.daliform.com\/de\/wp-json\/wp\/v2\/media\/34350"}],"wp:attachment":[{"href":"https:\/\/www.daliform.com\/de\/wp-json\/wp\/v2\/media?parent=34731"}],"curies":[{"name":"wp","href":"https:\/\/api.w.org\/{rel}","templated":true}]}}