{"id":34659,"date":"2021-02-11T10:15:46","date_gmt":"2021-02-11T09:15:46","guid":{"rendered":"https:\/\/www.daliform.com\/bibliotheken-bim\/"},"modified":"2025-01-10T17:37:35","modified_gmt":"2025-01-10T16:37:35","slug":"bim-bibliotheken-daliform","status":"publish","type":"page","link":"https:\/\/www.daliform.com\/de\/bim-bibliotheken-daliform\/","title":{"rendered":"Bibliotheken BIM"},"content":{"rendered":"<p>[vc_row][vc_column][vc_column_text]<\/p>\n<h3><strong>BEL\u00dcFTUNGSHOHLR\u00c4UME<\/strong><\/h3>\n<p>[\/vc_column_text][vc_separator color=&#8220;custom&#8220; accent_color=&#8220;#ed1d24&#8243;][vc_empty_space height=&#8220;5px&#8220;][\/vc_column][\/vc_row][vc_row][vc_column width=&#8220;1\/4&#8243;][vc_column_text css=&#8220;.vc_custom_1652434210523{padding-bottom: 20px !important;}&#8220;]<span style=\"color: #ed1d24;\"><strong>IGLU&#8217;\u00ae <\/strong><\/span><span style=\"color: #000000;\"><strong>BIM FILES<\/strong><\/span>[\/vc_column_text][vc_single_image image=&#8220;107448&#8243; img_size=&#8220;80&#215;60&#8243;][\/vc_column][vc_column width=&#8220;1\/4&#8243;][vc_column_text css=&#8220;.vc_custom_1652358523932{padding-bottom: 10px !important;}&#8220;]<strong>Revit<\/strong>[\/vc_column_text]\n\t<div class=\"iconbox-wrapper \">\n\t\t<div class=\"iconbox-icon\">\n\t\t\t\t<i class=\"fa fa-file-archive-o \" style=\"color: #1e73be;font-size:20px;\"><\/i>\n\t\t<\/div>\n\t\t<h4 class=\"iconbox-heading\">\n\t\t\t\t<a href=\"https:\/\/www.daliform.com\/BIM-daliform\/IGLU\/iglu-standard\/Building-Materials_Other_Daliform_IGLU_For-standard-use.rvt.zip\">Standard Use<\/a>\n\t\t<\/h4>\n\t<\/div>\n\t<div class=\"iconbox-wrapper \">\n\t\t<div class=\"iconbox-icon\">\n\t\t\t\t<i class=\"fa fa-file-archive-o \" style=\"color: #1e73be;font-size:20px;\"><\/i>\n\t\t<\/div>\n\t\t<h4 class=\"iconbox-heading\">\n\t\t\t\t<a href=\"https:\/\/www.daliform.com\/BIM-daliform\/IGLU\/iglu-rendering\/Building-Materials_Other_Daliform_IGLU%27_For-rendering.rvt\">Rendering<\/a>\n\t\t<\/h4>\n\t<\/div>[\/vc_column][vc_column width=&#8220;1\/4&#8243;][vc_column_text css=&#8220;.vc_custom_1653027669545{padding-bottom: 10px !important;}&#8220;]<strong>AllPlan<\/strong>[\/vc_column_text]\n\t<div class=\"iconbox-wrapper \">\n\t\t<div class=\"iconbox-icon\">\n\t\t\t\t<i class=\"fa fa-file-archive-o \" style=\"color: #1e73be;font-size:20px;\"><\/i>\n\t\t<\/div>\n\t\t<h4 class=\"iconbox-heading\">\n\t\t\t\t<a href=\"https:\/\/www.daliform.com\/BIM-daliform\/IGLU\/iglu-standard\/Building-Materials_Other_Daliform_IGLU_For-standard-use.zip\">Standard Use<\/a>\n\t\t<\/h4>\n\t<\/div>\n\t<div class=\"iconbox-wrapper \">\n\t\t<div class=\"iconbox-icon\">\n\t\t\t\t<i class=\"fa fa-file-archive-o \" style=\"color: #1e73be;font-size:20px;\"><\/i>\n\t\t<\/div>\n\t\t<h4 class=\"iconbox-heading\">\n\t\t\t\t<a href=\"https:\/\/www.daliform.com\/BIM-daliform\/IGLU\/iglu-rendering\/Building-Materials_Other_Daliform_IGLU_For-rendering.zip\">Rendering<\/a>\n\t\t<\/h4>\n\t<\/div>[\/vc_column][vc_column width=&#8220;1\/4&#8243;][vc_column_text css=&#8220;.vc_custom_1652359047190{padding-bottom: 10px !important;}&#8220;]<strong>Industry Foundation Classes (.ifc)<\/strong>[\/vc_column_text]\n\t<div class=\"iconbox-wrapper \">\n\t\t<div class=\"iconbox-icon\">\n\t\t\t\t<i class=\"fa fa-file-archive-o \" style=\"color: #1e73be;font-size:20px;\"><\/i>\n\t\t<\/div>\n\t\t<h4 class=\"iconbox-heading\">\n\t\t\t\t<a href=\"https:\/\/www.daliform.com\/BIM-daliform\/IGLU\/IGLU_ATLANTISstandard.ifc.zip\">Standard Use<\/a>\n\t\t<\/h4>\n\t<\/div>[\/vc_column][vc_column][vc_empty_space height=&#8220;20px&#8220;][vc_separator color=&#8220;custom&#8220; border_width=&#8220;2&#8243; accent_color=&#8220;#cccccc&#8220;][\/vc_column][\/vc_row][vc_row][vc_column width=&#8220;1\/4&#8243;][vc_column_text css=&#8220;.vc_custom_1652434219298{padding-bottom: 20px !important;}&#8220;]<span style=\"color: #ed1d24;\"><strong>IGLU&#8217;\u00ae PLUS <span style=\"color: #000000;\">BIM FILES<\/span><\/strong><\/span>[\/vc_column_text][vc_single_image image=&#8220;107461&#8243; img_size=&#8220;80X60&#8243;][\/vc_column][vc_column width=&#8220;1\/4&#8243;][vc_column_text css=&#8220;.vc_custom_1652358523932{padding-bottom: 10px !important;}&#8220;]<strong>Revit<\/strong>[\/vc_column_text]\n\t<div class=\"iconbox-wrapper \">\n\t\t<div class=\"iconbox-icon\">\n\t\t\t\t<i class=\"fa fa-file-archive-o \" style=\"color: #1e73be;font-size:20px;\"><\/i>\n\t\t<\/div>\n\t\t<h4 class=\"iconbox-heading\">\n\t\t\t\t<a href=\"https:\/\/www.daliform.com\/BIM-daliform\/IGLU\/igluplus-standard\/Building-Materials_Other_Daliform_IGLU-PLUS_For-standard-use.rvt.zip\">Standard Use<\/a>\n\t\t<\/h4>\n\t<\/div>\n\t<div class=\"iconbox-wrapper \">\n\t\t<div class=\"iconbox-icon\">\n\t\t\t\t<i class=\"fa fa-file-archive-o \" style=\"color: #1e73be;font-size:20px;\"><\/i>\n\t\t<\/div>\n\t\t<h4 class=\"iconbox-heading\">\n\t\t\t\t<a href=\"https:\/\/www.daliform.com\/BIM-daliform\/IGLU\/igluplus-rendering\/Building-Materials_Other_Daliform_IGLU-PLUS_For-rendering.rvt.zip\">Rendering<\/a>\n\t\t<\/h4>\n\t<\/div>[\/vc_column][vc_column width=&#8220;1\/4&#8243;][vc_column_text css=&#8220;.vc_custom_1653027676881{padding-bottom: 10px !important;}&#8220;]<strong>AllPlan<\/strong>[\/vc_column_text]\n\t<div class=\"iconbox-wrapper \">\n\t\t<div class=\"iconbox-icon\">\n\t\t\t\t<i class=\"fa fa-file-archive-o \" style=\"color: #1e73be;font-size:20px;\"><\/i>\n\t\t<\/div>\n\t\t<h4 class=\"iconbox-heading\">\n\t\t\t\t<a href=\"https:\/\/www.daliform.com\/BIM-daliform\/IGLU\/igluplus-standard\/Building-Materials_Other_Daliform_IGLU-PLUS_For-standard-use.zip\">Standard Use<\/a>\n\t\t<\/h4>\n\t<\/div>\n\t<div class=\"iconbox-wrapper \">\n\t\t<div class=\"iconbox-icon\">\n\t\t\t\t<i class=\"fa fa-file-archive-o \" style=\"color: #1e73be;font-size:20px;\"><\/i>\n\t\t<\/div>\n\t\t<h4 class=\"iconbox-heading\">\n\t\t\t\t<a href=\"https:\/\/www.daliform.com\/BIM-daliform\/IGLU\/igluplus-rendering\/Building-Materials_Other_Daliform_IGLU-PLUS_For-rendering.zip\">Rendering<\/a>\n\t\t<\/h4>\n\t<\/div>[\/vc_column][vc_column width=&#8220;1\/4&#8243;][vc_column_text css=&#8220;.vc_custom_1652359047190{padding-bottom: 10px !important;}&#8220;]<strong>Industry Foundation Classes (.ifc)<\/strong>[\/vc_column_text]\n\t<div class=\"iconbox-wrapper \">\n\t\t<div class=\"iconbox-icon\">\n\t\t\t\t<i class=\"fa fa-file-archive-o \" style=\"color: #1e73be;font-size:20px;\"><\/i>\n\t\t<\/div>\n\t\t<h4 class=\"iconbox-heading\">\n\t\t\t\t<a href=\"https:\/\/www.daliform.com\/BIM-daliform\/IGLU\/IGLU_ATLANTISstandard.ifc.zip\">Standard Use<\/a>\n\t\t<\/h4>\n\t<\/div>[\/vc_column][vc_column][vc_empty_space height=&#8220;20px&#8220;][vc_separator color=&#8220;custom&#8220; border_width=&#8220;2&#8243; accent_color=&#8220;#cccccc&#8220;][\/vc_column][\/vc_row][vc_row][vc_column width=&#8220;1\/4&#8243;][vc_column_text css=&#8220;.vc_custom_1652434231626{padding-bottom: 20px !important;}&#8220;]<span style=\"color: #ed1d24;\"><strong>ATLANTIS SYSTEM 50&#215;50 <span style=\"color: #000000;\">BIM FILES<\/span><\/strong><\/span>[\/vc_column_text][vc_single_image image=&#8220;107539&#8243; img_size=&#8220;101X100&#8243;][\/vc_column][vc_column width=&#8220;1\/4&#8243;][vc_column_text css=&#8220;.vc_custom_1652358523932{padding-bottom: 10px !important;}&#8220;]<strong>Revit<\/strong>[\/vc_column_text]\n\t<div class=\"iconbox-wrapper \">\n\t\t<div class=\"iconbox-icon\">\n\t\t\t\t<i class=\"fa fa-file-archive-o \" style=\"color: #1e73be;font-size:20px;\"><\/i>\n\t\t<\/div>\n\t\t<h4 class=\"iconbox-heading\">\n\t\t\t\t<a href=\"https:\/\/www.daliform.com\/BIM-daliform\/ATLANTIS\/standard-use\/Building-Materials_Other_Daliform_ATLANTIS_50x50_For-standard-use.rfa.zip\">Standard<\/a>\n\t\t<\/h4>\n\t<\/div>\n\t<div class=\"iconbox-wrapper \">\n\t\t<div class=\"iconbox-icon\">\n\t\t\t\t<i class=\"fa fa-file-archive-o \" style=\"color: #1e73be;font-size:20px;\"><\/i>\n\t\t<\/div>\n\t\t<h4 class=\"iconbox-heading\">\n\t\t\t\t<a href=\"https:\/\/www.daliform.com\/BIM-daliform\/ATLANTIS\/rendering\/Building-Materials_Other_Daliform_ATLANTIS_50x50_For-rendering.rfa.zip\">Rendering<\/a>\n\t\t<\/h4>\n\t<\/div>\n\t<div class=\"iconbox-wrapper \">\n\t\t<div class=\"iconbox-icon\">\n\t\t\t\t<i class=\"fa fa-file-archive-o \" style=\"color: #1e73be;font-size:20px;\"><\/i>\n\t\t<\/div>\n\t\t<h4 class=\"iconbox-heading\">\n\t\t\t\t<a href=\"https:\/\/www.daliform.com\/BIM-daliform\/ATLANTIS\/standard-use\/Building-Materials_Other_Daliform_ATLANTIS_accessories.rvt.zip\">Accessori standard use<\/a>\n\t\t<\/h4>\n\t<\/div>\n\t<div class=\"iconbox-wrapper \">\n\t\t<div class=\"iconbox-icon\">\n\t\t\t\t<i class=\"fa fa-file-archive-o \" style=\"color: #1e73be;font-size:20px;\"><\/i>\n\t\t<\/div>\n\t\t<h4 class=\"iconbox-heading\">\n\t\t\t\t<a href=\"https:\/\/www.daliform.com\/BIM-daliform\/ATLANTIS\/rendering\/Building-Materials_Other_Daliform_ATLANTIS_accessories.rvt.zip\">Accessori rendering<\/a>\n\t\t<\/h4>\n\t<\/div>[\/vc_column][vc_column width=&#8220;1\/4&#8243;][vc_column_text css=&#8220;.vc_custom_1653027682651{padding-bottom: 10px !important;}&#8220;]<strong>AllPlan<\/strong>[\/vc_column_text]\n\t<div class=\"iconbox-wrapper \">\n\t\t<div class=\"iconbox-icon\">\n\t\t\t\t<i class=\"fa fa-file-archive-o \" style=\"color: #1e73be;font-size:20px;\"><\/i>\n\t\t<\/div>\n\t\t<h4 class=\"iconbox-heading\">\n\t\t\t\t<a href=\"https:\/\/www.daliform.com\/BIM-daliform\/ATLANTIS\/standard-use\/Building-Materials_Other_Daliform_ATLANTIS_50x50_For-standard-use.zip\">Standard<\/a>\n\t\t<\/h4>\n\t<\/div>\n\t<div class=\"iconbox-wrapper \">\n\t\t<div class=\"iconbox-icon\">\n\t\t\t\t<i class=\"fa fa-file-archive-o \" style=\"color: #1e73be;font-size:20px;\"><\/i>\n\t\t<\/div>\n\t\t<h4 class=\"iconbox-heading\">\n\t\t\t\t<a href=\"https:\/\/www.daliform.com\/BIM-daliform\/ATLANTIS\/rendering\/Building-Materials_Other_Daliform_ATLANTIS_50x50_For-rendering.zip\">Rendering<\/a>\n\t\t<\/h4>\n\t<\/div>[\/vc_column][vc_column width=&#8220;1\/4&#8243;][vc_column_text css=&#8220;.vc_custom_1652359047190{padding-bottom: 10px !important;}&#8220;]<strong>Industry Foundation Classes (.ifc)<\/strong>[\/vc_column_text]\n\t<div class=\"iconbox-wrapper \">\n\t\t<div class=\"iconbox-icon\">\n\t\t\t\t<i class=\"fa fa-file-archive-o \" style=\"color: #1e73be;font-size:20px;\"><\/i>\n\t\t<\/div>\n\t\t<h4 class=\"iconbox-heading\">\n\t\t\t\t<a href=\"https:\/\/www.daliform.com\/BIM-daliform\/IGLU\/IGLU_ATLANTISstandard.ifc.zip\">Standard Use<\/a>\n\t\t<\/h4>\n\t<\/div>[\/vc_column][vc_column][vc_empty_space height=&#8220;20px&#8220;][vc_separator color=&#8220;custom&#8220; border_width=&#8220;2&#8243; accent_color=&#8220;#cccccc&#8220;][\/vc_column][\/vc_row][vc_row][vc_column width=&#8220;1\/4&#8243;][vc_column_text css=&#8220;.vc_custom_1652434289633{padding-bottom: 20px !important;}&#8220;]<span style=\"color: #ed1d24;\"><strong>ATLANTIS SYSTEM 71&#215;71 <span style=\"color: #000000;\">BIM FILES<\/span><\/strong><\/span>[\/vc_column_text][vc_single_image image=&#8220;107550&#8243; img_size=&#8220;101X100&#8243;][\/vc_column][vc_column width=&#8220;1\/4&#8243;][vc_column_text css=&#8220;.vc_custom_1652358523932{padding-bottom: 10px !important;}&#8220;]<strong>Revit<\/strong>[\/vc_column_text]\n\t<div class=\"iconbox-wrapper \">\n\t\t<div class=\"iconbox-icon\">\n\t\t\t\t<i class=\"fa fa-file-archive-o \" style=\"color: #1e73be;font-size:20px;\"><\/i>\n\t\t<\/div>\n\t\t<h4 class=\"iconbox-heading\">\n\t\t\t\t<a href=\"https:\/\/www.daliform.com\/BIM-daliform\/ATLANTIS\/standard-use\/Building-Materials_Daliform_ATLANTIS_71x71_For-standard-use.rfa.zip\">Standard<\/a>\n\t\t<\/h4>\n\t<\/div>\n\t<div class=\"iconbox-wrapper \">\n\t\t<div class=\"iconbox-icon\">\n\t\t\t\t<i class=\"fa fa-file-archive-o \" style=\"color: #1e73be;font-size:20px;\"><\/i>\n\t\t<\/div>\n\t\t<h4 class=\"iconbox-heading\">\n\t\t\t\t<a href=\"https:\/\/www.daliform.com\/BIM-daliform\/ATLANTIS\/rendering\/Building-Materials_Daliform_ATLANTIS_71x71_For-rendering.rfa.zip\">Rendering<\/a>\n\t\t<\/h4>\n\t<\/div>\n\t<div class=\"iconbox-wrapper \">\n\t\t<div class=\"iconbox-icon\">\n\t\t\t\t<i class=\"fa fa-file-archive-o \" style=\"color: #1e73be;font-size:20px;\"><\/i>\n\t\t<\/div>\n\t\t<h4 class=\"iconbox-heading\">\n\t\t\t\t<a href=\"https:\/\/www.daliform.com\/BIM-daliform\/ATLANTIS\/standard-use\/Building-Materials_Other_Daliform_ATLANTIS_accessories.rvt.zip\">Accessori standard use<\/a>\n\t\t<\/h4>\n\t<\/div>\n\t<div class=\"iconbox-wrapper \">\n\t\t<div class=\"iconbox-icon\">\n\t\t\t\t<i class=\"fa fa-file-archive-o \" style=\"color: #1e73be;font-size:20px;\"><\/i>\n\t\t<\/div>\n\t\t<h4 class=\"iconbox-heading\">\n\t\t\t\t<a href=\"https:\/\/www.daliform.com\/BIM-daliform\/ATLANTIS\/rendering\/Building-Materials_Other_Daliform_ATLANTIS_accessories.rvt.zip\">Accessori rendering<\/a>\n\t\t<\/h4>\n\t<\/div>[\/vc_column][vc_column width=&#8220;1\/4&#8243;][vc_column_text css=&#8220;.vc_custom_1653027682651{padding-bottom: 10px !important;}&#8220;]<strong>AllPlan<\/strong>[\/vc_column_text]\n\t<div class=\"iconbox-wrapper \">\n\t\t<div class=\"iconbox-icon\">\n\t\t\t\t<i class=\"fa fa-file-archive-o \" style=\"color: #1e73be;font-size:20px;\"><\/i>\n\t\t<\/div>\n\t\t<h4 class=\"iconbox-heading\">\n\t\t\t\t<a href=\"https:\/\/www.daliform.com\/BIM-daliform\/ATLANTIS\/standard-use\/Atlantis71x71_standard.zip\">Standard<\/a>\n\t\t<\/h4>\n\t<\/div>\n\t<div class=\"iconbox-wrapper \">\n\t\t<div class=\"iconbox-icon\">\n\t\t\t\t<i class=\"fa fa-file-archive-o \" style=\"color: #1e73be;font-size:20px;\"><\/i>\n\t\t<\/div>\n\t\t<h4 class=\"iconbox-heading\">\n\t\t\t\t<a href=\"https:\/\/www.daliform.com\/BIM-daliform\/ATLANTIS\/standard-use\/Atlantis71x71_rendering.zip\">Rendering<\/a>\n\t\t<\/h4>\n\t<\/div>[\/vc_column][vc_column width=&#8220;1\/4&#8243;][vc_column_text css=&#8220;.vc_custom_1652359047190{padding-bottom: 10px !important;}&#8220;]<strong>Industry Foundation Classes (.ifc)<\/strong>[\/vc_column_text]\n\t<div class=\"iconbox-wrapper \">\n\t\t<div class=\"iconbox-icon\">\n\t\t\t\t<i class=\"fa fa-file-archive-o \" style=\"color: #1e73be;font-size:20px;\"><\/i>\n\t\t<\/div>\n\t\t<h4 class=\"iconbox-heading\">\n\t\t\t\t<a href=\"https:\/\/www.daliform.com\/BIM-daliform\/ATLANTIS\/standard-use\/Atlantis71x71%20Standard.ifc\">Standard Use<\/a>\n\t\t<\/h4>\n\t<\/div>\n\t<div class=\"iconbox-wrapper \">\n\t\t<div class=\"iconbox-icon\">\n\t\t\t\t<i class=\"fa fa-file-archive-o \" style=\"color: #1e73be;font-size:20px;\"><\/i>\n\t\t<\/div>\n\t\t<h4 class=\"iconbox-heading\">\n\t\t\t\t<a href=\"https:\/\/www.daliform.com\/BIM-daliform\/ATLANTIS\/standard-use\/Atlantis71x71%20Rendering.ifc\">Rendering<\/a>\n\t\t<\/h4>\n\t<\/div>[\/vc_column][vc_column][vc_empty_space height=&#8220;20px&#8220;][vc_separator color=&#8220;custom&#8220; border_width=&#8220;2&#8243; accent_color=&#8220;#cccccc&#8220;][\/vc_column][\/vc_row][vc_row][vc_column width=&#8220;1\/4&#8243;][vc_column_text css=&#8220;.vc_custom_1652434374670{padding-bottom: 20px !important;}&#8220;]<span style=\"color: #ed1d24;\"><strong>ATLANTIS SYSTEM 100&#215;100 <span style=\"color: #000000;\">BIM FILES<\/span><\/strong><\/span>[\/vc_column_text][vc_single_image image=&#8220;107561&#8243; img_size=&#8220;101X100&#8243;][\/vc_column][vc_column width=&#8220;1\/4&#8243;][vc_column_text css=&#8220;.vc_custom_1652358523932{padding-bottom: 10px !important;}&#8220;]<strong>Revit<\/strong>[\/vc_column_text]\n\t<div class=\"iconbox-wrapper \">\n\t\t<div class=\"iconbox-icon\">\n\t\t\t\t<i class=\"fa fa-file-archive-o \" style=\"color: #1e73be;font-size:20px;\"><\/i>\n\t\t<\/div>\n\t\t<h4 class=\"iconbox-heading\">\n\t\t\t\t<a href=\"https:\/\/www.daliform.com\/BIM-daliform\/ATLANTIS\/standard-use\/Building-Materials_Other_Daliform_ATLANTIS_100x100_For-standard-use.rfa.zip\">Standard<\/a>\n\t\t<\/h4>\n\t<\/div>\n\t<div class=\"iconbox-wrapper \">\n\t\t<div class=\"iconbox-icon\">\n\t\t\t\t<i class=\"fa fa-file-archive-o \" style=\"color: #1e73be;font-size:20px;\"><\/i>\n\t\t<\/div>\n\t\t<h4 class=\"iconbox-heading\">\n\t\t\t\t<a href=\"https:\/\/www.daliform.com\/BIM-daliform\/ATLANTIS\/rendering\/Atlantis-100x100-rvt.zip\">Rendering<\/a>\n\t\t<\/h4>\n\t<\/div>\n\t<div class=\"iconbox-wrapper \">\n\t\t<div class=\"iconbox-icon\">\n\t\t\t\t<i class=\"fa fa-file-archive-o \" style=\"color: #1e73be;font-size:20px;\"><\/i>\n\t\t<\/div>\n\t\t<h4 class=\"iconbox-heading\">\n\t\t\t\t<a href=\"https:\/\/www.daliform.com\/BIM-daliform\/ATLANTIS\/standard-use\/Building-Materials_Other_Daliform_ATLANTIS_accessories.rvt.zip\">Accessori standard use<\/a>\n\t\t<\/h4>\n\t<\/div>\n\t<div class=\"iconbox-wrapper \">\n\t\t<div class=\"iconbox-icon\">\n\t\t\t\t<i class=\"fa fa-file-archive-o \" style=\"color: #1e73be;font-size:20px;\"><\/i>\n\t\t<\/div>\n\t\t<h4 class=\"iconbox-heading\">\n\t\t\t\t<a href=\"https:\/\/www.daliform.com\/BIM-daliform\/ATLANTIS\/rendering\/Building-Materials_Other_Daliform_ATLANTIS_accessories.rvt.zip\">Accessori rendering<\/a>\n\t\t<\/h4>\n\t<\/div>[\/vc_column][vc_column width=&#8220;1\/4&#8243;][vc_column_text css=&#8220;.vc_custom_1653027697187{padding-bottom: 10px !important;}&#8220;]<strong>AllPlan<\/strong>[\/vc_column_text]\n\t<div class=\"iconbox-wrapper \">\n\t\t<div class=\"iconbox-icon\">\n\t\t\t\t<i class=\"fa fa-file-archive-o \" style=\"color: #1e73be;font-size:20px;\"><\/i>\n\t\t<\/div>\n\t\t<h4 class=\"iconbox-heading\">\n\t\t\t\t<a href=\"https:\/\/www.daliform.com\/BIM-daliform\/ATLANTIS\/standard-use\/Building-Materials_Other_Daliform_ATLANTIS_100x100_For-standard-use.zip\">Standard<\/a>\n\t\t<\/h4>\n\t<\/div>\n\t<div class=\"iconbox-wrapper \">\n\t\t<div class=\"iconbox-icon\">\n\t\t\t\t<i class=\"fa fa-file-archive-o \" style=\"color: #1e73be;font-size:20px;\"><\/i>\n\t\t<\/div>\n\t\t<h4 class=\"iconbox-heading\">\n\t\t\t\t<a href=\"https:\/\/www.daliform.com\/BIM-daliform\/ATLANTIS\/rendering\/Building-Materials_Other_Daliform_ATLANTIS-100x100_For-rendering.zip\">Rendering<\/a>\n\t\t<\/h4>\n\t<\/div>[\/vc_column][vc_column width=&#8220;1\/4&#8243;][vc_column_text css=&#8220;.vc_custom_1652359047190{padding-bottom: 10px !important;}&#8220;]<strong>Industry Foundation Classes (.ifc)<\/strong>[\/vc_column_text]\n\t<div class=\"iconbox-wrapper \">\n\t\t<div class=\"iconbox-icon\">\n\t\t\t\t<i class=\"fa fa-file-archive-o \" style=\"color: #1e73be;font-size:20px;\"><\/i>\n\t\t<\/div>\n\t\t<h4 class=\"iconbox-heading\">\n\t\t\t\t<a href=\"https:\/\/www.daliform.com\/BIM-daliform\/IGLU\/IGLU_ATLANTISstandard.ifc.zip\">Standard Use<\/a>\n\t\t<\/h4>\n\t<\/div>[\/vc_column][vc_column][vc_empty_space height=&#8220;50px&#8220;][\/vc_column][\/vc_row][vc_row][vc_column][vc_column_text]<\/p>\n<h3><strong>FLACHDECKE LEICHTGEWICHTIGE<\/strong><\/h3>\n<p>[\/vc_column_text][vc_separator color=&#8220;custom&#8220; accent_color=&#8220;#ed1d24&#8243;][vc_empty_space height=&#8220;5px&#8220;][\/vc_column][\/vc_row][vc_row][vc_column width=&#8220;1\/4&#8243;][vc_column_text css=&#8220;.vc_custom_1652434480161{padding-bottom: 20px !important;}&#8220;]<span style=\"color: #ed1d24;\"><strong>U-BOOT\u00ae BETON <span style=\"color: #000000;\">BIM FILES<\/span><\/strong><\/span>[\/vc_column_text][vc_single_image image=&#8220;107528&#8243; img_size=&#8220;100X75&#8243;][\/vc_column][vc_column width=&#8220;1\/4&#8243;][vc_column_text css=&#8220;.vc_custom_1652358523932{padding-bottom: 10px !important;}&#8220;]<strong>Revit<\/strong>[\/vc_column_text]\n\t<div class=\"iconbox-wrapper \">\n\t\t<div class=\"iconbox-icon\">\n\t\t\t\t<i class=\"fa fa-file-archive-o \" style=\"color: #1e73be;font-size:20px;\"><\/i>\n\t\t<\/div>\n\t\t<h4 class=\"iconbox-heading\">\n\t\t\t\t<a href=\"https:\/\/www.daliform.com\/BIM-daliform\/U-BOOT\/uboot-standard\/Building-Materials_Other_Daliform_U-BOOT_For-standard-use.rvt.zip\">U-Boot\u00ae Beton standard<\/a>\n\t\t<\/h4>\n\t<\/div>\n\t<div class=\"iconbox-wrapper \">\n\t\t<div class=\"iconbox-icon\">\n\t\t\t\t<i class=\"fa fa-file-archive-o \" style=\"color: #1e73be;font-size:20px;\"><\/i>\n\t\t<\/div>\n\t\t<h4 class=\"iconbox-heading\">\n\t\t\t\t<a href=\"https:\/\/www.daliform.com\/BIM-daliform\/U-BOOT\/ubootcone-standard\/Building-Materials_Other_Daliform_U-BOOT-CONE_For-standard-use.rvt.zip\">U-Boot\u00ae Beton standard<\/a>\n\t\t<\/h4>\n\t<\/div>\n\t<div class=\"iconbox-wrapper \">\n\t\t<div class=\"iconbox-icon\">\n\t\t\t\t<i class=\"fa fa-file-archive-o \" style=\"color: #1e73be;font-size:20px;\"><\/i>\n\t\t<\/div>\n\t\t<h4 class=\"iconbox-heading\">\n\t\t\t\t<a href=\"https:\/\/www.daliform.com\/BIM-daliform\/U-BOOT\/uboot-rendering\/Building-Materials_Other_Daliform_U-BOOT_For-rendering.rvt\">U-Boot\u00ae Beton rendering<\/a>\n\t\t<\/h4>\n\t<\/div>\n\t<div class=\"iconbox-wrapper \">\n\t\t<div class=\"iconbox-icon\">\n\t\t\t\t<i class=\"fa fa-file-archive-o \" style=\"color: #1e73be;font-size:20px;\"><\/i>\n\t\t<\/div>\n\t\t<h4 class=\"iconbox-heading\">\n\t\t\t\t<a href=\"https:\/\/www.daliform.com\/BIM-daliform\/U-BOOT\/ubootcone-rendering\/Building-Materials_Other_Daliform_U-BOOT-CONE_For-rendering.rvt\">U-Boot\u00ae Beton rendering<\/a>\n\t\t<\/h4>\n\t<\/div>[\/vc_column][vc_column width=&#8220;1\/4&#8243;][vc_column_text css=&#8220;.vc_custom_1653027714782{padding-bottom: 10px !important;}&#8220;]<strong>AllPlan<\/strong>[\/vc_column_text]\n\t<div class=\"iconbox-wrapper \">\n\t\t<div class=\"iconbox-icon\">\n\t\t\t\t<i class=\"fa fa-file-archive-o \" style=\"color: #1e73be;font-size:20px;\"><\/i>\n\t\t<\/div>\n\t\t<h4 class=\"iconbox-heading\">\n\t\t\t\t<a href=\"https:\/\/www.daliform.com\/BIM-daliform\/U-BOOT\/uboot-standard\/Building-Materials_Other_Daliform_U-BOOT-_For-standard-use.zip\">U-Boot\u00ae Beton standard<\/a>\n\t\t<\/h4>\n\t<\/div>\n\t<div class=\"iconbox-wrapper \">\n\t\t<div class=\"iconbox-icon\">\n\t\t\t\t<i class=\"fa fa-file-archive-o \" style=\"color: #1e73be;font-size:20px;\"><\/i>\n\t\t<\/div>\n\t\t<h4 class=\"iconbox-heading\">\n\t\t\t\t<a href=\"https:\/\/www.daliform.com\/BIM-daliform\/U-BOOT\/ubootcone-standard\/Building-Materials_Other_Daliform_U-BOOT%20CONE-For-standard-use.zip\">U-Boot\u00ae Beton CONE standard<\/a>\n\t\t<\/h4>\n\t<\/div>\n\t<div class=\"iconbox-wrapper \">\n\t\t<div class=\"iconbox-icon\">\n\t\t\t\t<i class=\"fa fa-file-archive-o \" style=\"color: #1e73be;font-size:20px;\"><\/i>\n\t\t<\/div>\n\t\t<h4 class=\"iconbox-heading\">\n\t\t\t\t<a href=\"https:\/\/www.daliform.com\/BIM-daliform\/U-BOOT\/uboot-rendering\/Building-Materials_Other_Daliform_U-BOOT-_For-standard-use.zip\">U-Boot\u00ae Beton rendering<\/a>\n\t\t<\/h4>\n\t<\/div>\n\t<div class=\"iconbox-wrapper \">\n\t\t<div class=\"iconbox-icon\">\n\t\t\t\t<i class=\"fa fa-file-archive-o \" style=\"color: #1e73be;font-size:20px;\"><\/i>\n\t\t<\/div>\n\t\t<h4 class=\"iconbox-heading\">\n\t\t\t\t<a href=\"https:\/\/www.daliform.com\/BIM-daliform\/U-BOOT\/ubootcone-rendering\/Building-Materials_Other_Daliform_U-BOOT-CONE-_For-rendering.zip\">U-Boot\u00ae Beton CONE rendering<\/a>\n\t\t<\/h4>\n\t<\/div>[\/vc_column][vc_column width=&#8220;1\/4&#8243;][vc_column_text css=&#8220;.vc_custom_1652359047190{padding-bottom: 10px !important;}&#8220;]<strong>Industry Foundation Classes (.ifc)<\/strong>[\/vc_column_text]\n\t<div class=\"iconbox-wrapper \">\n\t\t<div class=\"iconbox-icon\">\n\t\t\t\t<i class=\"fa fa-file-archive-o \" style=\"color: #1e73be;font-size:20px;\"><\/i>\n\t\t<\/div>\n\t\t<h4 class=\"iconbox-heading\">\n\t\t\t\t<a href=\"https:\/\/www.daliform.com\/BIM-daliform\/U-BOOT\/\/U_BOOTstandard.ifc.zip\">Standard Use<\/a>\n\t\t<\/h4>\n\t<\/div>[\/vc_column][vc_column][vc_empty_space height=&#8220;20px&#8220;][\/vc_column][\/vc_row]<\/p>\n","protected":false},"excerpt":{"rendered":"<p>Laden Sie die BIM-Objekte der Daliform Group f\u00fcr Revit und AllPlan kostenlos herunter: Bel\u00fcftungshohlr\u00e4ume IGLU&#8217;\u00ae und System Atlantis, flachdecke Leichtgewichtige mit U-Boot\u00ae Beton.<\/p>\n","protected":false},"author":1,"featured_media":34315,"parent":0,"menu_order":12,"comment_status":"closed","ping_status":"closed","template":"","meta":[],"acf":[],"aioseo_notices":[],"_links":{"self":[{"href":"https:\/\/www.daliform.com\/de\/wp-json\/wp\/v2\/pages\/34659"}],"collection":[{"href":"https:\/\/www.daliform.com\/de\/wp-json\/wp\/v2\/pages"}],"about":[{"href":"https:\/\/www.daliform.com\/de\/wp-json\/wp\/v2\/types\/page"}],"author":[{"embeddable":true,"href":"https:\/\/www.daliform.com\/de\/wp-json\/wp\/v2\/users\/1"}],"replies":[{"embeddable":true,"href":"https:\/\/www.daliform.com\/de\/wp-json\/wp\/v2\/comments?post=34659"}],"version-history":[{"count":7,"href":"https:\/\/www.daliform.com\/de\/wp-json\/wp\/v2\/pages\/34659\/revisions"}],"predecessor-version":[{"id":125180,"href":"https:\/\/www.daliform.com\/de\/wp-json\/wp\/v2\/pages\/34659\/revisions\/125180"}],"wp:featuredmedia":[{"embeddable":true,"href":"https:\/\/www.daliform.com\/de\/wp-json\/wp\/v2\/media\/34315"}],"wp:attachment":[{"href":"https:\/\/www.daliform.com\/de\/wp-json\/wp\/v2\/media?parent=34659"}],"curies":[{"name":"wp","href":"https:\/\/api.w.org\/{rel}","templated":true}]}}