{"id":34046,"date":"2020-05-11T15:53:14","date_gmt":"2020-05-11T13:53:14","guid":{"rendered":"https:\/\/www.daliform.com\/konstruktionsloesungen\/"},"modified":"2021-09-09T11:04:52","modified_gmt":"2021-09-09T09:04:52","slug":"konstruktionsloesungen","status":"publish","type":"page","link":"https:\/\/www.daliform.com\/de\/konstruktionsloesungen\/","title":{"rendered":"Konstruktionsl\u00f6sungen"},"content":{"rendered":"<p>[vc_row row_id=&#8220;Solutions&#8220;][vc_column][vc_basic_grid post_type=&#8220;ids&#8220; element_width=&#8220;3&#8243; item=&#8220;24415&#8243; grid_id=&#8220;vc_gid:1595408156586-8a531310-32a9-7&#8243; include=&#8220;2336, 5439, 5446, 5452, 5455, 5458, 5461, 5464&#8243;][\/vc_column][\/vc_row]<\/p>\n","protected":false},"excerpt":{"rendered":"<p>L\u00f6sungen f\u00fcr bel\u00fcftete Hohlr\u00e4ume unter dem Boden, Fundamente, Hohlraumplatten, Dachg\u00e4rten, Auffahrten, Regenwasserspeicher und Dispersionstanks.<\/p>\n","protected":false},"author":11,"featured_media":33798,"parent":0,"menu_order":13,"comment_status":"closed","ping_status":"closed","template":"","meta":[],"acf":[],"aioseo_notices":[],"_links":{"self":[{"href":"https:\/\/www.daliform.com\/de\/wp-json\/wp\/v2\/pages\/34046"}],"collection":[{"href":"https:\/\/www.daliform.com\/de\/wp-json\/wp\/v2\/pages"}],"about":[{"href":"https:\/\/www.daliform.com\/de\/wp-json\/wp\/v2\/types\/page"}],"author":[{"embeddable":true,"href":"https:\/\/www.daliform.com\/de\/wp-json\/wp\/v2\/users\/11"}],"replies":[{"embeddable":true,"href":"https:\/\/www.daliform.com\/de\/wp-json\/wp\/v2\/comments?post=34046"}],"version-history":[{"count":0,"href":"https:\/\/www.daliform.com\/de\/wp-json\/wp\/v2\/pages\/34046\/revisions"}],"wp:featuredmedia":[{"embeddable":true,"href":"https:\/\/www.daliform.com\/de\/wp-json\/wp\/v2\/media\/33798"}],"wp:attachment":[{"href":"https:\/\/www.daliform.com\/de\/wp-json\/wp\/v2\/media?parent=34046"}],"curies":[{"name":"wp","href":"https:\/\/api.w.org\/{rel}","templated":true}]}}