{"id":129993,"date":"2025-02-07T16:51:14","date_gmt":"2025-02-07T15:51:14","guid":{"rendered":"https:\/\/www.daliform.com\/referenzen\/serbatoio-dacqua-antincendio-per-sito-industriale-margraten-project\/"},"modified":"2025-02-07T17:45:58","modified_gmt":"2025-02-07T16:45:58","slug":"loeschwassertank-fuer-industriegelaende-margraten-project","status":"publish","type":"page","link":"https:\/\/www.daliform.com\/de\/referenzen\/loeschwassertank-fuer-industriegelaende-margraten-project\/","title":{"rendered":"L\u00f6schwassertank f\u00fcr Industriegel\u00e4nde &#8211; MARGRATEN PROJECT"},"content":{"rendered":"","protected":false},"excerpt":{"rendered":"","protected":false},"author":1,"featured_media":0,"parent":84038,"menu_order":0,"comment_status":"closed","ping_status":"closed","template":"template-reference.php","meta":[],"acf":[],"aioseo_notices":[],"_links":{"self":[{"href":"https:\/\/www.daliform.com\/de\/wp-json\/wp\/v2\/pages\/129993"}],"collection":[{"href":"https:\/\/www.daliform.com\/de\/wp-json\/wp\/v2\/pages"}],"about":[{"href":"https:\/\/www.daliform.com\/de\/wp-json\/wp\/v2\/types\/page"}],"author":[{"embeddable":true,"href":"https:\/\/www.daliform.com\/de\/wp-json\/wp\/v2\/users\/1"}],"replies":[{"embeddable":true,"href":"https:\/\/www.daliform.com\/de\/wp-json\/wp\/v2\/comments?post=129993"}],"version-history":[{"count":1,"href":"https:\/\/www.daliform.com\/de\/wp-json\/wp\/v2\/pages\/129993\/revisions"}],"predecessor-version":[{"id":129994,"href":"https:\/\/www.daliform.com\/de\/wp-json\/wp\/v2\/pages\/129993\/revisions\/129994"}],"up":[{"embeddable":true,"href":"https:\/\/www.daliform.com\/de\/wp-json\/wp\/v2\/pages\/84038"}],"wp:attachment":[{"href":"https:\/\/www.daliform.com\/de\/wp-json\/wp\/v2\/media?parent=129993"}],"curies":[{"name":"wp","href":"https:\/\/api.w.org\/{rel}","templated":true}]}}